{"id":792,"date":"2022-05-26T08:15:11","date_gmt":"2022-05-26T08:15:11","guid":{"rendered":"https:\/\/retosa.torrent.es\/retosa\/"},"modified":"2026-02-04T08:51:01","modified_gmt":"2026-02-04T08:51:01","slug":"retosa","status":"publish","type":"page","link":"https:\/\/retosa.torrent.es\/va\/retosa\/","title":{"rendered":"Retosa"},"content":{"rendered":"\t\t<div data-elementor-type=\"wp-page\" data-elementor-id=\"792\" class=\"elementor elementor-792 elementor-147\" data-elementor-post-type=\"page\">\n\t\t\t\t\t\t\t\t\t<section class=\"elementor-section elementor-top-section elementor-element elementor-element-c9de041 elementor-section-boxed elementor-section-height-default elementor-section-height-default\" data-id=\"c9de041\" data-element_type=\"section\">\n\t\t\t\t\t\t<div class=\"elementor-container elementor-column-gap-default\">\n\t\t\t\t\t<div class=\"elementor-column elementor-col-100 elementor-top-column elementor-element elementor-element-87c1c19\" data-id=\"87c1c19\" data-element_type=\"column\">\n\t\t\t<div class=\"elementor-widget-wrap elementor-element-populated\">\n\t\t\t\t\t\t\t\t<div class=\"elementor-element elementor-element-12b80ab elementor-widget elementor-widget-heading\" data-id=\"12b80ab\" data-element_type=\"widget\" data-widget_type=\"heading.default\">\n\t\t\t\t<div class=\"elementor-widget-container\">\n\t\t\t<style>\/*! elementor - v3.14.0 - 26-06-2023 *\/\n.elementor-heading-title{padding:0;margin:0;line-height:1}.elementor-widget-heading .elementor-heading-title[class*=elementor-size-]>a{color:inherit;font-size:inherit;line-height:inherit}.elementor-widget-heading .elementor-heading-title.elementor-size-small{font-size:15px}.elementor-widget-heading .elementor-heading-title.elementor-size-medium{font-size:19px}.elementor-widget-heading .elementor-heading-title.elementor-size-large{font-size:29px}.elementor-widget-heading .elementor-heading-title.elementor-size-xl{font-size:39px}.elementor-widget-heading .elementor-heading-title.elementor-size-xxl{font-size:59px}<\/style><h1 class=\"elementor-heading-title elementor-size-default\">Retosa<\/h1>\t\t<\/div>\n\t\t\t\t<\/div>\n\t\t\t\t\t<\/div>\n\t\t<\/div>\n\t\t\t\t\t\t\t<\/div>\n\t\t<\/section>\n\t\t\t\t<section class=\"elementor-section elementor-top-section elementor-element elementor-element-07c7a1c elementor-section-stretched elementor-section-boxed elementor-section-height-default elementor-section-height-default\" data-id=\"07c7a1c\" data-element_type=\"section\" data-settings=\"{&quot;stretch_section&quot;:&quot;section-stretched&quot;}\">\n\t\t\t\t\t\t<div class=\"elementor-container elementor-column-gap-default\">\n\t\t\t\t\t<div class=\"elementor-column elementor-col-100 elementor-top-column elementor-element elementor-element-cde4a27\" data-id=\"cde4a27\" data-element_type=\"column\">\n\t\t\t<div class=\"elementor-widget-wrap elementor-element-populated\">\n\t\t\t\t\t\t\t\t<div class=\"elementor-element elementor-element-0a63b78 elementor-widget elementor-widget-image\" data-id=\"0a63b78\" data-element_type=\"widget\" data-widget_type=\"image.default\">\n\t\t\t\t<div class=\"elementor-widget-container\">\n\t\t\t<style>\/*! elementor - v3.14.0 - 26-06-2023 *\/\n.elementor-widget-image{text-align:center}.elementor-widget-image a{display:inline-block}.elementor-widget-image a img[src$=\".svg\"]{width:48px}.elementor-widget-image img{vertical-align:middle;display:inline-block}<\/style>\t\t\t\t\t\t\t\t\t\t\t\t<img loading=\"lazy\" decoding=\"async\" width=\"89\" height=\"46\" src=\"https:\/\/retosa.torrent.es\/wp-content\/uploads\/2022\/05\/layer1.png\" class=\"attachment-large size-large wp-image-39\" alt=\"\" \/>\t\t\t\t\t\t\t\t\t\t\t\t\t\t\t<\/div>\n\t\t\t\t<\/div>\n\t\t\t\t<div class=\"elementor-element elementor-element-dcbb923 elementor-widget elementor-widget-heading\" data-id=\"dcbb923\" data-element_type=\"widget\" data-widget_type=\"heading.default\">\n\t\t\t\t<div class=\"elementor-widget-container\">\n\t\t\t<h3 class=\"elementor-heading-title elementor-size-default\">Qui som?<\/h3>\t\t<\/div>\n\t\t\t\t<\/div>\n\t\t\t\t<div class=\"elementor-element elementor-element-b202b2c elementor-widget elementor-widget-text-editor\" data-id=\"b202b2c\" data-element_type=\"widget\" data-widget_type=\"text-editor.default\">\n\t\t\t\t<div class=\"elementor-widget-container\">\n\t\t\t<style>\/*! elementor - v3.14.0 - 26-06-2023 *\/\n.elementor-widget-text-editor.elementor-drop-cap-view-stacked .elementor-drop-cap{background-color:#69727d;color:#fff}.elementor-widget-text-editor.elementor-drop-cap-view-framed .elementor-drop-cap{color:#69727d;border:3px solid;background-color:transparent}.elementor-widget-text-editor:not(.elementor-drop-cap-view-default) .elementor-drop-cap{margin-top:8px}.elementor-widget-text-editor:not(.elementor-drop-cap-view-default) .elementor-drop-cap-letter{width:1em;height:1em}.elementor-widget-text-editor .elementor-drop-cap{float:left;text-align:center;line-height:1;font-size:50px}.elementor-widget-text-editor .elementor-drop-cap-letter{display:inline-block}<\/style>\t\t\t\t<p>L&#8217;aprovaci\u00f3 inicial de la mem\u00f2ria i dels estatuts de la societat es va produir per acord del Ple de l&#8217;Ajuntament de Torrent, en sessi\u00f3 de 8 de febrer de 1989, i es van elevar a definitius pel ple el 3 d&#8217;octubre del mateix any, a compliment dels acords plenaris de la corporaci\u00f3, va ser constitu\u00efda el 15 de novembre de 1989, davant del notari d&#8217;aquesta poblaci\u00f3, el senyor Ramon Pascual Maiques.<\/p>\t\t\t\t\t\t<\/div>\n\t\t\t\t<\/div>\n\t\t\t\t<div class=\"elementor-element elementor-element-6e0b7a0 elementor-widget elementor-widget-heading\" data-id=\"6e0b7a0\" data-element_type=\"widget\" data-widget_type=\"heading.default\">\n\t\t\t\t<div class=\"elementor-widget-container\">\n\t\t\t<h3 class=\"elementor-heading-title elementor-size-default\">Junta General<\/h3>\t\t<\/div>\n\t\t\t\t<\/div>\n\t\t\t\t<div class=\"elementor-element elementor-element-32beadd elementor-widget elementor-widget-text-editor\" data-id=\"32beadd\" data-element_type=\"widget\" data-widget_type=\"text-editor.default\">\n\t\t\t\t<div class=\"elementor-widget-container\">\n\t\t\t\t\t\t\t<p>El Ple de l&#8217;Ajuntament de Torrent, constitu\u00eft en Junta General de Recaptaci\u00f3 de Torrent Unipersonal Municipal S.A., est\u00e0 format pels membres seg\u00fcents:<\/p>\t\t\t\t\t\t<\/div>\n\t\t\t\t<\/div>\n\t\t\t\t<div class=\"elementor-element elementor-element-4d5d282 elementor-widget elementor-widget-heading\" data-id=\"4d5d282\" data-element_type=\"widget\" data-widget_type=\"heading.default\">\n\t\t\t\t<div class=\"elementor-widget-container\">\n\t\t\t<h3 class=\"elementor-heading-title elementor-size-default\">On \u00e9s?<\/h3>\t\t<\/div>\n\t\t\t\t<\/div>\n\t\t\t\t<div class=\"elementor-element elementor-element-078a078 elementor-widget elementor-widget-text-editor\" data-id=\"078a078\" data-element_type=\"widget\" data-widget_type=\"text-editor.default\">\n\t\t\t\t<div class=\"elementor-widget-container\">\n\t\t\t\t\t\t\t<p>Pza. Col\u00f3n, 12 &#8211; bajo 46900 Torrent<\/p><p>Tel: 96 111 18 70<\/p><p>Fax: 96 158 95 57<\/p><p>Correo electr\u00f3nico:retosa@torrent.es<\/p>\t\t\t\t\t\t<\/div>\n\t\t\t\t<\/div>\n\t\t\t\t\t<\/div>\n\t\t<\/div>\n\t\t\t\t\t\t\t<\/div>\n\t\t<\/section>\n\t\t\t\t<section class=\"elementor-section elementor-top-section elementor-element elementor-element-45b6e0d elementor-section-stretched elementor-section-boxed elementor-section-height-default elementor-section-height-default\" data-id=\"45b6e0d\" data-element_type=\"section\" data-settings=\"{&quot;stretch_section&quot;:&quot;section-stretched&quot;}\">\n\t\t\t\t\t\t<div class=\"elementor-container elementor-column-gap-default\">\n\t\t\t\t\t<div class=\"elementor-column elementor-col-100 elementor-top-column elementor-element elementor-element-b84e1d2\" data-id=\"b84e1d2\" data-element_type=\"column\">\n\t\t\t<div class=\"elementor-widget-wrap elementor-element-populated\">\n\t\t\t\t\t\t\t\t<div class=\"elementor-element elementor-element-da51e40 elementor-widget elementor-widget-image\" data-id=\"da51e40\" data-element_type=\"widget\" data-widget_type=\"image.default\">\n\t\t\t\t<div class=\"elementor-widget-container\">\n\t\t\t\t\t\t\t\t\t\t\t\t\t\t\t<img loading=\"lazy\" decoding=\"async\" width=\"800\" height=\"532\" src=\"https:\/\/retosa.torrent.es\/wp-content\/uploads\/2024\/09\/RETOSA-JUNTA-GENERAL-Y-CONSEJO-DE-ADMINISTRACION-2023-1024x681.jpg\" class=\"attachment-large size-large wp-image-1687\" alt=\"\" srcset=\"https:\/\/retosa.torrent.es\/wp-content\/uploads\/2024\/09\/RETOSA-JUNTA-GENERAL-Y-CONSEJO-DE-ADMINISTRACION-2023-1024x681.jpg 1024w, https:\/\/retosa.torrent.es\/wp-content\/uploads\/2024\/09\/RETOSA-JUNTA-GENERAL-Y-CONSEJO-DE-ADMINISTRACION-2023-300x200.jpg 300w, https:\/\/retosa.torrent.es\/wp-content\/uploads\/2024\/09\/RETOSA-JUNTA-GENERAL-Y-CONSEJO-DE-ADMINISTRACION-2023-768x511.jpg 768w, https:\/\/retosa.torrent.es\/wp-content\/uploads\/2024\/09\/RETOSA-JUNTA-GENERAL-Y-CONSEJO-DE-ADMINISTRACION-2023.jpg 1061w\" sizes=\"auto, (max-width: 800px) 100vw, 800px\" \/>\t\t\t\t\t\t\t\t\t\t\t\t\t\t\t<\/div>\n\t\t\t\t<\/div>\n\t\t\t\t<div class=\"elementor-element elementor-element-14c34a7 elementor-widget elementor-widget-button\" data-id=\"14c34a7\" data-element_type=\"widget\" data-widget_type=\"button.default\">\n\t\t\t\t<div class=\"elementor-widget-container\">\n\t\t\t\t\t<div class=\"elementor-button-wrapper\">\n\t\t\t<a class=\"elementor-button elementor-button-link elementor-size-sm\" href=\"https:\/\/retosa.torrent.es\/wp-content\/uploads\/2023\/10\/TRANSPARENCIA-CONSEJO-RETOSA-2023.pdf\" target=\"_blank\">\n\t\t\t\t\t\t<span class=\"elementor-button-content-wrapper\">\n\t\t\t\t\t\t<span class=\"elementor-button-icon elementor-align-icon-left\">\n\t\t\t\t<i aria-hidden=\"true\" class=\"far fa-arrow-alt-circle-down\"><\/i>\t\t\t<\/span>\n\t\t\t\t\t\t<span class=\"elementor-button-text\">Dades sobre membres del Consell d'Administraci\u00f3<\/span>\n\t\t<\/span>\n\t\t\t\t\t<\/a>\n\t\t<\/div>\n\t\t\t\t<\/div>\n\t\t\t\t<\/div>\n\t\t\t\t<div class=\"elementor-element elementor-element-a486cbf elementor-widget elementor-widget-heading\" data-id=\"a486cbf\" data-element_type=\"widget\" data-widget_type=\"heading.default\">\n\t\t\t\t<div class=\"elementor-widget-container\">\n\t\t\t<h3 class=\"elementor-heading-title elementor-size-default\">Capital Social<\/h3>\t\t<\/div>\n\t\t\t\t<\/div>\n\t\t\t\t<div class=\"elementor-element elementor-element-24c902b elementor-widget elementor-widget-text-editor\" data-id=\"24c902b\" data-element_type=\"widget\" data-widget_type=\"text-editor.default\">\n\t\t\t\t<div class=\"elementor-widget-container\">\n\t\t\t\t\t\t\t<p>\u00cdntegrament municipal<\/p>\t\t\t\t\t\t<\/div>\n\t\t\t\t<\/div>\n\t\t\t\t\t<\/div>\n\t\t<\/div>\n\t\t\t\t\t\t\t<\/div>\n\t\t<\/section>\n\t\t\t\t<section class=\"elementor-section elementor-top-section elementor-element elementor-element-5cf7129 elementor-section-boxed elementor-section-height-default elementor-section-height-default\" data-id=\"5cf7129\" data-element_type=\"section\">\n\t\t\t\t\t\t<div class=\"elementor-container elementor-column-gap-default\">\n\t\t\t\t\t<div class=\"elementor-column elementor-col-100 elementor-top-column elementor-element elementor-element-0dfacc9\" data-id=\"0dfacc9\" data-element_type=\"column\">\n\t\t\t<div class=\"elementor-widget-wrap elementor-element-populated\">\n\t\t\t\t\t\t\t\t<div class=\"elementor-element elementor-element-4f4a624 elementor-widget elementor-widget-heading\" data-id=\"4f4a624\" data-element_type=\"widget\" data-widget_type=\"heading.default\">\n\t\t\t\t<div class=\"elementor-widget-container\">\n\t\t\t<h2 class=\"elementor-heading-title elementor-size-default\">Plantilla<\/h2>\t\t<\/div>\n\t\t\t\t<\/div>\n\t\t\t\t<div class=\"elementor-element elementor-element-182126e elementor-widget elementor-widget-text-editor\" data-id=\"182126e\" data-element_type=\"widget\" data-widget_type=\"text-editor.default\">\n\t\t\t\t<div class=\"elementor-widget-container\">\n\t\t\t\t\t\t\t<p>Gerent: Veguer Mu\u00f1oz, Agust\u00edn<\/p><p>T\u00e9cnica tributaria: Marsilla Benlloch, Sonia<\/p><p>Oficial 2a administrativa: Molins Gozalvo, M. Dolores<\/p><p>Oficial 2n Administratiu: Mu\u00f1oz Cresencio, Juan Alfredo<\/p><p>Oficial 2n administratiu: Rodr\u00edguez de la Hoz, Fco Javier<\/p><p>Auxiliar administrativa\/caixera: Ba\u00f1os Barquero, Mar\u00eda Amparo<\/p><p>Auxiliar administrativa\/caixera: Perpi\u00f1an Silla, Maria Dolores<\/p><p>Notificadora: Mora Chuli\u00e1, Carmen<\/p>\t\t\t\t\t\t<\/div>\n\t\t\t\t<\/div>\n\t\t\t\t\t<\/div>\n\t\t<\/div>\n\t\t\t\t\t\t\t<\/div>\n\t\t<\/section>\n\t\t\t\t\t\t\t<\/div>\n\t\t","protected":false},"excerpt":{"rendered":"<p>Retosa Qui som? L&#8217;aprovaci\u00f3 inicial de la mem\u00f2ria i dels estatuts de la societat es va produir per acord del Ple de l&#8217;Ajuntament de Torrent, en sessi\u00f3 de 8 de febrer de 1989, i es van elevar a definitius pel ple el 3 d&#8217;octubre del mateix any, a compliment dels acords plenaris de la corporaci\u00f3, [&hellip;]<\/p>\n","protected":false},"author":1,"featured_media":0,"parent":0,"menu_order":0,"comment_status":"closed","ping_status":"closed","template":"","meta":{"footnotes":""},"class_list":["post-792","page","type-page","status-publish","hentry"],"_links":{"self":[{"href":"https:\/\/retosa.torrent.es\/va\/wp-json\/wp\/v2\/pages\/792","targetHints":{"allow":["GET"]}}],"collection":[{"href":"https:\/\/retosa.torrent.es\/va\/wp-json\/wp\/v2\/pages"}],"about":[{"href":"https:\/\/retosa.torrent.es\/va\/wp-json\/wp\/v2\/types\/page"}],"author":[{"embeddable":true,"href":"https:\/\/retosa.torrent.es\/va\/wp-json\/wp\/v2\/users\/1"}],"replies":[{"embeddable":true,"href":"https:\/\/retosa.torrent.es\/va\/wp-json\/wp\/v2\/comments?post=792"}],"version-history":[{"count":27,"href":"https:\/\/retosa.torrent.es\/va\/wp-json\/wp\/v2\/pages\/792\/revisions"}],"predecessor-version":[{"id":2055,"href":"https:\/\/retosa.torrent.es\/va\/wp-json\/wp\/v2\/pages\/792\/revisions\/2055"}],"wp:attachment":[{"href":"https:\/\/retosa.torrent.es\/va\/wp-json\/wp\/v2\/media?parent=792"}],"curies":[{"name":"wp","href":"https:\/\/api.w.org\/{rel}","templated":true}]}}