{"id":786,"date":"2022-05-19T14:43:00","date_gmt":"2022-05-19T14:43:00","guid":{"rendered":"https:\/\/retosa.torrent.es\/portal-de-transparencia\/"},"modified":"2024-11-05T11:59:00","modified_gmt":"2024-11-05T11:59:00","slug":"portal-de-transparencia","status":"publish","type":"page","link":"https:\/\/retosa.torrent.es\/va\/portal-de-transparencia\/","title":{"rendered":"Portal de Transpar\u00e8ncia"},"content":{"rendered":"\t\t<div data-elementor-type=\"wp-page\" data-elementor-id=\"786\" class=\"elementor elementor-786 elementor-16\" data-elementor-post-type=\"page\">\n\t\t\t\t\t\t\t\t\t<section class=\"elementor-section elementor-top-section elementor-element elementor-element-285a1d3 elementor-section-boxed elementor-section-height-default elementor-section-height-default\" data-id=\"285a1d3\" data-element_type=\"section\">\n\t\t\t\t\t\t<div class=\"elementor-container elementor-column-gap-default\">\n\t\t\t\t\t<div class=\"elementor-column elementor-col-100 elementor-top-column elementor-element elementor-element-63a716d\" data-id=\"63a716d\" data-element_type=\"column\">\n\t\t\t<div class=\"elementor-widget-wrap elementor-element-populated\">\n\t\t\t\t\t\t\t\t<div class=\"elementor-element elementor-element-d1d3844 elementor-widget elementor-widget-heading\" data-id=\"d1d3844\" data-element_type=\"widget\" data-widget_type=\"heading.default\">\n\t\t\t\t<div class=\"elementor-widget-container\">\n\t\t\t<style>\/*! elementor - v3.14.0 - 26-06-2023 *\/\n.elementor-heading-title{padding:0;margin:0;line-height:1}.elementor-widget-heading .elementor-heading-title[class*=elementor-size-]>a{color:inherit;font-size:inherit;line-height:inherit}.elementor-widget-heading .elementor-heading-title.elementor-size-small{font-size:15px}.elementor-widget-heading .elementor-heading-title.elementor-size-medium{font-size:19px}.elementor-widget-heading .elementor-heading-title.elementor-size-large{font-size:29px}.elementor-widget-heading .elementor-heading-title.elementor-size-xl{font-size:39px}.elementor-widget-heading .elementor-heading-title.elementor-size-xxl{font-size:59px}<\/style><h1 class=\"elementor-heading-title elementor-size-default\">Portal de Transparencia<\/h1>\t\t<\/div>\n\t\t\t\t<\/div>\n\t\t\t\t\t<\/div>\n\t\t<\/div>\n\t\t\t\t\t\t\t<\/div>\n\t\t<\/section>\n\t\t\t\t<section class=\"elementor-section elementor-top-section elementor-element elementor-element-ec05b4f elementor-section-boxed elementor-section-height-default elementor-section-height-default\" data-id=\"ec05b4f\" data-element_type=\"section\">\n\t\t\t\t\t\t<div class=\"elementor-container elementor-column-gap-default\">\n\t\t\t\t\t<div class=\"elementor-column elementor-col-100 elementor-top-column elementor-element elementor-element-e0f530b\" data-id=\"e0f530b\" data-element_type=\"column\">\n\t\t\t<div class=\"elementor-widget-wrap elementor-element-populated\">\n\t\t\t\t\t\t\t\t<div class=\"elementor-element elementor-element-2863bfc elementor-widget elementor-widget-heading\" data-id=\"2863bfc\" data-element_type=\"widget\" data-widget_type=\"heading.default\">\n\t\t\t\t<div class=\"elementor-widget-container\">\n\t\t\t<h3 class=\"elementor-heading-title elementor-size-default\">Informaci\u00f3 Institucional<\/h3>\t\t<\/div>\n\t\t\t\t<\/div>\n\t\t\t\t\t<\/div>\n\t\t<\/div>\n\t\t\t\t\t\t\t<\/div>\n\t\t<\/section>\n\t\t\t\t<section class=\"elementor-section elementor-top-section elementor-element elementor-element-083dfa3 elementor-section-boxed elementor-section-height-default elementor-section-height-default\" data-id=\"083dfa3\" data-element_type=\"section\">\n\t\t\t\t\t\t<div class=\"elementor-container elementor-column-gap-default\">\n\t\t\t\t\t<div class=\"elementor-column elementor-col-12 elementor-top-column elementor-element elementor-element-4195ca0\" data-id=\"4195ca0\" data-element_type=\"column\">\n\t\t\t<div class=\"elementor-widget-wrap elementor-element-populated\">\n\t\t\t\t\t\t\t\t<div class=\"elementor-element elementor-element-bb8f977 elementor-position-top elementor-vertical-align-top elementor-widget elementor-widget-image-box\" data-id=\"bb8f977\" data-element_type=\"widget\" data-widget_type=\"image-box.default\">\n\t\t\t\t<div class=\"elementor-widget-container\">\n\t\t\t<style>\/*! elementor - v3.14.0 - 26-06-2023 *\/\n.elementor-widget-image-box .elementor-image-box-content{width:100%}@media (min-width:768px){.elementor-widget-image-box.elementor-position-left .elementor-image-box-wrapper,.elementor-widget-image-box.elementor-position-right .elementor-image-box-wrapper{display:flex}.elementor-widget-image-box.elementor-position-right .elementor-image-box-wrapper{text-align:right;flex-direction:row-reverse}.elementor-widget-image-box.elementor-position-left .elementor-image-box-wrapper{text-align:left;flex-direction:row}.elementor-widget-image-box.elementor-position-top .elementor-image-box-img{margin:auto}.elementor-widget-image-box.elementor-vertical-align-top .elementor-image-box-wrapper{align-items:flex-start}.elementor-widget-image-box.elementor-vertical-align-middle .elementor-image-box-wrapper{align-items:center}.elementor-widget-image-box.elementor-vertical-align-bottom .elementor-image-box-wrapper{align-items:flex-end}}@media (max-width:767px){.elementor-widget-image-box .elementor-image-box-img{margin-left:auto!important;margin-right:auto!important;margin-bottom:15px}}.elementor-widget-image-box .elementor-image-box-img{display:inline-block}.elementor-widget-image-box .elementor-image-box-title a{color:inherit}.elementor-widget-image-box .elementor-image-box-wrapper{text-align:center}.elementor-widget-image-box .elementor-image-box-description{margin:0}<\/style><div class=\"elementor-image-box-wrapper\"><figure class=\"elementor-image-box-img\"><a href=\"https:\/\/retosa.torrent.es\/va\/objecte-social\/\"><img loading=\"lazy\" decoding=\"async\" width=\"127\" height=\"127\" src=\"https:\/\/retosa.torrent.es\/wp-content\/uploads\/2022\/05\/Enmascarar-grupo-24.png\" class=\"attachment-full size-full wp-image-126\" alt=\"\" \/><\/a><\/figure><div class=\"elementor-image-box-content\"><h3 class=\"elementor-image-box-title\"><a href=\"https:\/\/retosa.torrent.es\/va\/objecte-social\/\">Compet\u00e8ncies<\/a><\/h3><\/div><\/div>\t\t<\/div>\n\t\t\t\t<\/div>\n\t\t\t\t\t<\/div>\n\t\t<\/div>\n\t\t\t\t<div class=\"elementor-column elementor-col-12 elementor-top-column elementor-element elementor-element-bee0086\" data-id=\"bee0086\" data-element_type=\"column\">\n\t\t\t<div class=\"elementor-widget-wrap elementor-element-populated\">\n\t\t\t\t\t\t\t\t<div class=\"elementor-element elementor-element-c709c09 elementor-position-top elementor-vertical-align-top elementor-widget elementor-widget-image-box\" data-id=\"c709c09\" data-element_type=\"widget\" data-widget_type=\"image-box.default\">\n\t\t\t\t<div class=\"elementor-widget-container\">\n\t\t\t<div class=\"elementor-image-box-wrapper\"><figure class=\"elementor-image-box-img\"><a href=\"https:\/\/retosa.torrent.es\/wp-content\/uploads\/2024\/11\/RETOSA-Consejo-202411.pdf\"><img loading=\"lazy\" decoding=\"async\" width=\"127\" height=\"127\" src=\"https:\/\/retosa.torrent.es\/wp-content\/uploads\/2022\/05\/Grupo-704-1.png\" class=\"attachment-full size-full wp-image-127\" alt=\"\" \/><\/a><\/figure><div class=\"elementor-image-box-content\"><h3 class=\"elementor-image-box-title\"><a href=\"https:\/\/retosa.torrent.es\/wp-content\/uploads\/2024\/11\/RETOSA-Consejo-202411.pdf\">Junta General \/ Consell<\/a><\/h3><\/div><\/div>\t\t<\/div>\n\t\t\t\t<\/div>\n\t\t\t\t\t<\/div>\n\t\t<\/div>\n\t\t\t\t<div class=\"elementor-column elementor-col-12 elementor-top-column elementor-element elementor-element-5eedb3d\" data-id=\"5eedb3d\" data-element_type=\"column\">\n\t\t\t<div class=\"elementor-widget-wrap elementor-element-populated\">\n\t\t\t\t\t\t\t\t<div class=\"elementor-element elementor-element-43e66c1 elementor-position-top elementor-vertical-align-top elementor-widget elementor-widget-image-box\" data-id=\"43e66c1\" data-element_type=\"widget\" data-widget_type=\"image-box.default\">\n\t\t\t\t<div class=\"elementor-widget-container\">\n\t\t\t<div class=\"elementor-image-box-wrapper\"><figure class=\"elementor-image-box-img\"><a href=\"https:\/\/retosa.torrent.es\/wp-content\/uploads\/2024\/11\/RETOSA-Estatutos-202411.pdf\" target=\"_blank\"><img loading=\"lazy\" decoding=\"async\" width=\"127\" height=\"127\" src=\"https:\/\/retosa.torrent.es\/wp-content\/uploads\/2022\/05\/Grupo-702.png\" class=\"attachment-full size-full wp-image-128\" alt=\"\" \/><\/a><\/figure><div class=\"elementor-image-box-content\"><h3 class=\"elementor-image-box-title\"><a href=\"https:\/\/retosa.torrent.es\/wp-content\/uploads\/2024\/11\/RETOSA-Estatutos-202411.pdf\" target=\"_blank\">Estatuts<\/a><\/h3><\/div><\/div>\t\t<\/div>\n\t\t\t\t<\/div>\n\t\t\t\t\t<\/div>\n\t\t<\/div>\n\t\t\t\t<div class=\"elementor-column elementor-col-12 elementor-top-column elementor-element elementor-element-81e50ac\" data-id=\"81e50ac\" data-element_type=\"column\">\n\t\t\t<div class=\"elementor-widget-wrap\">\n\t\t\t\t\t\t\t\t\t<\/div>\n\t\t<\/div>\n\t\t\t\t<div class=\"elementor-column elementor-col-12 elementor-top-column elementor-element elementor-element-0d44c1a\" data-id=\"0d44c1a\" data-element_type=\"column\">\n\t\t\t<div class=\"elementor-widget-wrap\">\n\t\t\t\t\t\t\t\t\t<\/div>\n\t\t<\/div>\n\t\t\t\t<div class=\"elementor-column elementor-col-12 elementor-top-column elementor-element elementor-element-6ccda85\" data-id=\"6ccda85\" data-element_type=\"column\">\n\t\t\t<div class=\"elementor-widget-wrap\">\n\t\t\t\t\t\t\t\t\t<\/div>\n\t\t<\/div>\n\t\t\t\t<div class=\"elementor-column elementor-col-12 elementor-top-column elementor-element elementor-element-ae908e4\" data-id=\"ae908e4\" data-element_type=\"column\">\n\t\t\t<div class=\"elementor-widget-wrap\">\n\t\t\t\t\t\t\t\t\t<\/div>\n\t\t<\/div>\n\t\t\t\t<div class=\"elementor-column elementor-col-12 elementor-top-column elementor-element elementor-element-4cda13d\" data-id=\"4cda13d\" data-element_type=\"column\">\n\t\t\t<div class=\"elementor-widget-wrap\">\n\t\t\t\t\t\t\t\t\t<\/div>\n\t\t<\/div>\n\t\t\t\t\t\t\t<\/div>\n\t\t<\/section>\n\t\t\t\t<section class=\"elementor-section elementor-top-section elementor-element elementor-element-e48cd04 elementor-section-boxed elementor-section-height-default elementor-section-height-default\" data-id=\"e48cd04\" data-element_type=\"section\">\n\t\t\t\t\t\t<div class=\"elementor-container elementor-column-gap-default\">\n\t\t\t\t\t<div class=\"elementor-column elementor-col-100 elementor-top-column elementor-element elementor-element-ed3ab0a\" data-id=\"ed3ab0a\" data-element_type=\"column\">\n\t\t\t<div class=\"elementor-widget-wrap elementor-element-populated\">\n\t\t\t\t\t\t\t\t<div class=\"elementor-element elementor-element-5e8146a elementor-widget elementor-widget-heading\" data-id=\"5e8146a\" data-element_type=\"widget\" data-widget_type=\"heading.default\">\n\t\t\t\t<div class=\"elementor-widget-container\">\n\t\t\t<h3 class=\"elementor-heading-title elementor-size-default\">Informaci\u00f3 Econ\u00f2mica<\/h3>\t\t<\/div>\n\t\t\t\t<\/div>\n\t\t\t\t\t<\/div>\n\t\t<\/div>\n\t\t\t\t\t\t\t<\/div>\n\t\t<\/section>\n\t\t\t\t<section class=\"elementor-section elementor-top-section elementor-element elementor-element-4a4f64a elementor-section-boxed elementor-section-height-default elementor-section-height-default\" data-id=\"4a4f64a\" data-element_type=\"section\">\n\t\t\t\t\t\t<div class=\"elementor-container elementor-column-gap-default\">\n\t\t\t\t\t<div class=\"elementor-column elementor-col-12 elementor-top-column elementor-element elementor-element-2d70f79\" data-id=\"2d70f79\" data-element_type=\"column\">\n\t\t\t<div class=\"elementor-widget-wrap elementor-element-populated\">\n\t\t\t\t\t\t\t\t<div class=\"elementor-element elementor-element-5496a48 elementor-position-top elementor-vertical-align-top elementor-widget elementor-widget-image-box\" data-id=\"5496a48\" data-element_type=\"widget\" data-widget_type=\"image-box.default\">\n\t\t\t\t<div class=\"elementor-widget-container\">\n\t\t\t<div class=\"elementor-image-box-wrapper\"><figure class=\"elementor-image-box-img\"><a href=\"https:\/\/retosa.torrent.es\/va\/perfil-de-contractant\/\"><img loading=\"lazy\" decoding=\"async\" width=\"127\" height=\"127\" src=\"https:\/\/retosa.torrent.es\/wp-content\/uploads\/2022\/05\/Enmascarar-grupo-35.png\" class=\"attachment-full size-full wp-image-132\" alt=\"\" \/><\/a><\/figure><div class=\"elementor-image-box-content\"><h3 class=\"elementor-image-box-title\"><a href=\"https:\/\/retosa.torrent.es\/va\/perfil-de-contractant\/\">Contractaci\u00f3<\/a><\/h3><\/div><\/div>\t\t<\/div>\n\t\t\t\t<\/div>\n\t\t\t\t\t<\/div>\n\t\t<\/div>\n\t\t\t\t<div class=\"elementor-column elementor-col-12 elementor-top-column elementor-element elementor-element-f3f671e\" data-id=\"f3f671e\" data-element_type=\"column\">\n\t\t\t<div class=\"elementor-widget-wrap elementor-element-populated\">\n\t\t\t\t\t\t\t\t<div class=\"elementor-element elementor-element-1067349 elementor-position-top elementor-vertical-align-top elementor-widget elementor-widget-image-box\" data-id=\"1067349\" data-element_type=\"widget\" data-widget_type=\"image-box.default\">\n\t\t\t\t<div class=\"elementor-widget-container\">\n\t\t\t<div class=\"elementor-image-box-wrapper\"><figure class=\"elementor-image-box-img\"><a href=\"https:\/\/retosa.torrent.es\/va\/pressupostos\/\"><img loading=\"lazy\" decoding=\"async\" width=\"127\" height=\"127\" src=\"https:\/\/retosa.torrent.es\/wp-content\/uploads\/2022\/05\/Grupo-703.png\" class=\"attachment-full size-full wp-image-134\" alt=\"\" \/><\/a><\/figure><div class=\"elementor-image-box-content\"><h3 class=\"elementor-image-box-title\"><a href=\"https:\/\/retosa.torrent.es\/va\/pressupostos\/\">Pressupostos<\/a><\/h3><\/div><\/div>\t\t<\/div>\n\t\t\t\t<\/div>\n\t\t\t\t\t<\/div>\n\t\t<\/div>\n\t\t\t\t<div class=\"elementor-column elementor-col-12 elementor-top-column elementor-element elementor-element-3332186\" data-id=\"3332186\" data-element_type=\"column\">\n\t\t\t<div class=\"elementor-widget-wrap elementor-element-populated\">\n\t\t\t\t\t\t\t\t<div class=\"elementor-element elementor-element-11a2a6e elementor-position-top elementor-vertical-align-top elementor-widget elementor-widget-image-box\" data-id=\"11a2a6e\" data-element_type=\"widget\" data-widget_type=\"image-box.default\">\n\t\t\t\t<div class=\"elementor-widget-container\">\n\t\t\t<div class=\"elementor-image-box-wrapper\"><figure class=\"elementor-image-box-img\"><a href=\"https:\/\/retosa.torrent.es\/va\/comptes-anuals\/\"><img loading=\"lazy\" decoding=\"async\" width=\"127\" height=\"127\" src=\"https:\/\/retosa.torrent.es\/wp-content\/uploads\/2022\/05\/Grupo-704.png\" class=\"attachment-full size-full wp-image-133\" alt=\"\" \/><\/a><\/figure><div class=\"elementor-image-box-content\"><h3 class=\"elementor-image-box-title\"><a href=\"https:\/\/retosa.torrent.es\/va\/comptes-anuals\/\">Comptes Anuals<\/a><\/h3><\/div><\/div>\t\t<\/div>\n\t\t\t\t<\/div>\n\t\t\t\t\t<\/div>\n\t\t<\/div>\n\t\t\t\t<div class=\"elementor-column elementor-col-12 elementor-top-column elementor-element elementor-element-4d54e3e\" data-id=\"4d54e3e\" data-element_type=\"column\">\n\t\t\t<div class=\"elementor-widget-wrap elementor-element-populated\">\n\t\t\t\t\t\t\t\t<div class=\"elementor-element elementor-element-14acafa elementor-position-top elementor-vertical-align-top elementor-widget elementor-widget-image-box\" data-id=\"14acafa\" data-element_type=\"widget\" data-widget_type=\"image-box.default\">\n\t\t\t\t<div class=\"elementor-widget-container\">\n\t\t\t<div class=\"elementor-image-box-wrapper\"><figure class=\"elementor-image-box-img\"><a href=\"https:\/\/retosa.torrent.es\/va\/informes-dauditories\/\"><img loading=\"lazy\" decoding=\"async\" width=\"127\" height=\"127\" src=\"https:\/\/retosa.torrent.es\/wp-content\/uploads\/2022\/05\/Grupo-708.png\" class=\"attachment-full size-full wp-image-135\" alt=\"\" \/><\/a><\/figure><div class=\"elementor-image-box-content\"><h3 class=\"elementor-image-box-title\"><a href=\"https:\/\/retosa.torrent.es\/va\/informes-dauditories\/\">Informes d'auditories<\/a><\/h3><\/div><\/div>\t\t<\/div>\n\t\t\t\t<\/div>\n\t\t\t\t\t<\/div>\n\t\t<\/div>\n\t\t\t\t<div class=\"elementor-column elementor-col-12 elementor-top-column elementor-element elementor-element-f1439ff\" data-id=\"f1439ff\" data-element_type=\"column\">\n\t\t\t<div class=\"elementor-widget-wrap elementor-element-populated\">\n\t\t\t\t\t\t\t\t<div class=\"elementor-element elementor-element-06edcf9 elementor-position-top elementor-vertical-align-top elementor-widget elementor-widget-image-box\" data-id=\"06edcf9\" data-element_type=\"widget\" data-widget_type=\"image-box.default\">\n\t\t\t\t<div class=\"elementor-widget-container\">\n\t\t\t<div class=\"elementor-image-box-wrapper\"><figure class=\"elementor-image-box-img\"><a href=\"https:\/\/retosa.torrent.es\/va\/pagaments-a-proveidors\/\"><img loading=\"lazy\" decoding=\"async\" width=\"127\" height=\"127\" src=\"https:\/\/retosa.torrent.es\/wp-content\/uploads\/2022\/05\/Grupo-707.png\" class=\"attachment-full size-full wp-image-136\" alt=\"\" \/><\/a><\/figure><div class=\"elementor-image-box-content\"><h3 class=\"elementor-image-box-title\"><a href=\"https:\/\/retosa.torrent.es\/va\/pagaments-a-proveidors\/\">Deute comercial i Pagaments a Prove\u00efdors<\/a><\/h3><\/div><\/div>\t\t<\/div>\n\t\t\t\t<\/div>\n\t\t\t\t\t<\/div>\n\t\t<\/div>\n\t\t\t\t<div class=\"elementor-column elementor-col-12 elementor-top-column elementor-element elementor-element-dfc710c\" data-id=\"dfc710c\" data-element_type=\"column\">\n\t\t\t<div class=\"elementor-widget-wrap\">\n\t\t\t\t\t\t\t\t\t<\/div>\n\t\t<\/div>\n\t\t\t\t<div class=\"elementor-column elementor-col-12 elementor-top-column elementor-element elementor-element-2e959c0\" data-id=\"2e959c0\" data-element_type=\"column\">\n\t\t\t<div class=\"elementor-widget-wrap\">\n\t\t\t\t\t\t\t\t\t<\/div>\n\t\t<\/div>\n\t\t\t\t<div class=\"elementor-column elementor-col-12 elementor-top-column elementor-element elementor-element-e551c1a\" data-id=\"e551c1a\" data-element_type=\"column\">\n\t\t\t<div class=\"elementor-widget-wrap\">\n\t\t\t\t\t\t\t\t\t<\/div>\n\t\t<\/div>\n\t\t\t\t\t\t\t<\/div>\n\t\t<\/section>\n\t\t\t\t<section class=\"elementor-section elementor-top-section elementor-element elementor-element-4ebc9f3 elementor-section-boxed elementor-section-height-default elementor-section-height-default\" data-id=\"4ebc9f3\" data-element_type=\"section\">\n\t\t\t\t\t\t<div class=\"elementor-container elementor-column-gap-default\">\n\t\t\t\t\t<div class=\"elementor-column elementor-col-100 elementor-top-column elementor-element elementor-element-49182ff\" data-id=\"49182ff\" data-element_type=\"column\">\n\t\t\t<div class=\"elementor-widget-wrap elementor-element-populated\">\n\t\t\t\t\t\t\t\t<div class=\"elementor-element elementor-element-7e84f6f elementor-widget elementor-widget-heading\" data-id=\"7e84f6f\" data-element_type=\"widget\" data-widget_type=\"heading.default\">\n\t\t\t\t<div class=\"elementor-widget-container\">\n\t\t\t<h3 class=\"elementor-heading-title elementor-size-default\">Estructura de Personal i Patrimonial<\/h3>\t\t<\/div>\n\t\t\t\t<\/div>\n\t\t\t\t\t<\/div>\n\t\t<\/div>\n\t\t\t\t\t\t\t<\/div>\n\t\t<\/section>\n\t\t\t\t<section class=\"elementor-section elementor-top-section elementor-element elementor-element-6e9ad87 elementor-section-boxed elementor-section-height-default elementor-section-height-default\" data-id=\"6e9ad87\" data-element_type=\"section\">\n\t\t\t\t\t\t<div class=\"elementor-container elementor-column-gap-default\">\n\t\t\t\t\t<div class=\"elementor-column elementor-col-12 elementor-top-column elementor-element elementor-element-cbd64b4\" data-id=\"cbd64b4\" data-element_type=\"column\">\n\t\t\t<div class=\"elementor-widget-wrap elementor-element-populated\">\n\t\t\t\t\t\t\t\t<div class=\"elementor-element elementor-element-07c976b elementor-position-top elementor-vertical-align-top elementor-widget elementor-widget-image-box\" data-id=\"07c976b\" data-element_type=\"widget\" data-widget_type=\"image-box.default\">\n\t\t\t\t<div class=\"elementor-widget-container\">\n\t\t\t<div class=\"elementor-image-box-wrapper\"><figure class=\"elementor-image-box-img\"><a href=\"https:\/\/retosa.torrent.es\/wp-content\/uploads\/2023\/10\/RETOSA-V-Estructura-personal-2023.pdf\"><img loading=\"lazy\" decoding=\"async\" width=\"127\" height=\"127\" src=\"https:\/\/retosa.torrent.es\/wp-content\/uploads\/2022\/05\/Enmascarar-grupo-37.png\" class=\"attachment-full size-full wp-image-137\" alt=\"\" \/><\/a><\/figure><div class=\"elementor-image-box-content\"><h3 class=\"elementor-image-box-title\"><a href=\"https:\/\/retosa.torrent.es\/wp-content\/uploads\/2023\/10\/RETOSA-V-Estructura-personal-2023.pdf\">Estructura<\/a><\/h3><\/div><\/div>\t\t<\/div>\n\t\t\t\t<\/div>\n\t\t\t\t\t<\/div>\n\t\t<\/div>\n\t\t\t\t<div class=\"elementor-column elementor-col-12 elementor-top-column elementor-element elementor-element-e26388d\" data-id=\"e26388d\" data-element_type=\"column\">\n\t\t\t<div class=\"elementor-widget-wrap elementor-element-populated\">\n\t\t\t\t\t\t\t\t<div class=\"elementor-element elementor-element-cb55dc9 elementor-position-top elementor-vertical-align-top elementor-widget elementor-widget-image-box\" data-id=\"cb55dc9\" data-element_type=\"widget\" data-widget_type=\"image-box.default\">\n\t\t\t\t<div class=\"elementor-widget-container\">\n\t\t\t<div class=\"elementor-image-box-wrapper\"><figure class=\"elementor-image-box-img\"><a href=\"http:\/\/www.torrent.es\/torrentPublic\/docroot\/repositorio\/Ajuntament\/Empreses%20municipals\/Retosa\/TRSP\/C_Retosa_Patrimoni.pdf\" target=\"_blank\" rel=\"noopener\"><img loading=\"lazy\" decoding=\"async\" width=\"127\" height=\"127\" src=\"https:\/\/retosa.torrent.es\/wp-content\/uploads\/2022\/05\/Grupo-705.png\" class=\"attachment-full size-full wp-image-138\" alt=\"\" \/><\/a><\/figure><div class=\"elementor-image-box-content\"><h3 class=\"elementor-image-box-title\"><a href=\"http:\/\/www.torrent.es\/torrentPublic\/docroot\/repositorio\/Ajuntament\/Empreses%20municipals\/Retosa\/TRSP\/C_Retosa_Patrimoni.pdf\" target=\"_blank\" rel=\"noopener\">Patrimoni<\/a><\/h3><\/div><\/div>\t\t<\/div>\n\t\t\t\t<\/div>\n\t\t\t\t\t<\/div>\n\t\t<\/div>\n\t\t\t\t<div class=\"elementor-column elementor-col-12 elementor-top-column elementor-element elementor-element-765a68a\" data-id=\"765a68a\" data-element_type=\"column\">\n\t\t\t<div class=\"elementor-widget-wrap\">\n\t\t\t\t\t\t\t\t\t<\/div>\n\t\t<\/div>\n\t\t\t\t<div class=\"elementor-column elementor-col-12 elementor-top-column elementor-element elementor-element-f5bcd56\" data-id=\"f5bcd56\" data-element_type=\"column\">\n\t\t\t<div class=\"elementor-widget-wrap\">\n\t\t\t\t\t\t\t\t\t<\/div>\n\t\t<\/div>\n\t\t\t\t<div class=\"elementor-column elementor-col-12 elementor-top-column elementor-element elementor-element-b2d4092\" data-id=\"b2d4092\" data-element_type=\"column\">\n\t\t\t<div class=\"elementor-widget-wrap\">\n\t\t\t\t\t\t\t\t\t<\/div>\n\t\t<\/div>\n\t\t\t\t<div class=\"elementor-column elementor-col-12 elementor-top-column elementor-element elementor-element-691b389\" data-id=\"691b389\" data-element_type=\"column\">\n\t\t\t<div class=\"elementor-widget-wrap\">\n\t\t\t\t\t\t\t\t\t<\/div>\n\t\t<\/div>\n\t\t\t\t<div class=\"elementor-column elementor-col-12 elementor-top-column elementor-element elementor-element-62e3e1b\" data-id=\"62e3e1b\" data-element_type=\"column\">\n\t\t\t<div class=\"elementor-widget-wrap\">\n\t\t\t\t\t\t\t\t\t<\/div>\n\t\t<\/div>\n\t\t\t\t<div class=\"elementor-column elementor-col-12 elementor-top-column elementor-element elementor-element-9ae81f2\" data-id=\"9ae81f2\" data-element_type=\"column\">\n\t\t\t<div class=\"elementor-widget-wrap\">\n\t\t\t\t\t\t\t\t\t<\/div>\n\t\t<\/div>\n\t\t\t\t\t\t\t<\/div>\n\t\t<\/section>\n\t\t\t\t\t\t\t<\/div>\n\t\t","protected":false},"excerpt":{"rendered":"<p>Portal de Transparencia Informaci\u00f3 Institucional Compet\u00e8ncies Junta General \/ Consell Estatuts Informaci\u00f3 Econ\u00f2mica Contractaci\u00f3 Pressupostos Comptes Anuals Informes d&#8217;auditories Deute comercial i Pagaments a Prove\u00efdors Estructura de Personal i Patrimonial Estructura Patrimoni<\/p>\n","protected":false},"author":1,"featured_media":0,"parent":0,"menu_order":0,"comment_status":"closed","ping_status":"closed","template":"","meta":{"footnotes":""},"class_list":["post-786","page","type-page","status-publish","hentry"],"_links":{"self":[{"href":"https:\/\/retosa.torrent.es\/va\/wp-json\/wp\/v2\/pages\/786","targetHints":{"allow":["GET"]}}],"collection":[{"href":"https:\/\/retosa.torrent.es\/va\/wp-json\/wp\/v2\/pages"}],"about":[{"href":"https:\/\/retosa.torrent.es\/va\/wp-json\/wp\/v2\/types\/page"}],"author":[{"embeddable":true,"href":"https:\/\/retosa.torrent.es\/va\/wp-json\/wp\/v2\/users\/1"}],"replies":[{"embeddable":true,"href":"https:\/\/retosa.torrent.es\/va\/wp-json\/wp\/v2\/comments?post=786"}],"version-history":[{"count":16,"href":"https:\/\/retosa.torrent.es\/va\/wp-json\/wp\/v2\/pages\/786\/revisions"}],"predecessor-version":[{"id":1747,"href":"https:\/\/retosa.torrent.es\/va\/wp-json\/wp\/v2\/pages\/786\/revisions\/1747"}],"wp:attachment":[{"href":"https:\/\/retosa.torrent.es\/va\/wp-json\/wp\/v2\/media?parent=786"}],"curies":[{"name":"wp","href":"https:\/\/api.w.org\/{rel}","templated":true}]}}