{"id":776,"date":"2022-05-26T08:07:28","date_gmt":"2022-05-26T08:07:28","guid":{"rendered":"https:\/\/retosa.torrent.es\/objecte-social\/"},"modified":"2022-05-30T13:13:35","modified_gmt":"2022-05-30T13:13:35","slug":"objecte-social","status":"publish","type":"page","link":"https:\/\/retosa.torrent.es\/va\/objecte-social\/","title":{"rendered":"Objecte Social"},"content":{"rendered":"\t\t<div data-elementor-type=\"wp-page\" data-elementor-id=\"776\" class=\"elementor elementor-776 elementor-142\" data-elementor-post-type=\"page\">\n\t\t\t\t\t\t\t\t\t<section class=\"elementor-section elementor-top-section elementor-element elementor-element-932f9e6 elementor-section-boxed elementor-section-height-default elementor-section-height-default\" data-id=\"932f9e6\" data-element_type=\"section\">\n\t\t\t\t\t\t<div class=\"elementor-container elementor-column-gap-default\">\n\t\t\t\t\t<div class=\"elementor-column elementor-col-100 elementor-top-column elementor-element elementor-element-3b34f91\" data-id=\"3b34f91\" data-element_type=\"column\">\n\t\t\t<div class=\"elementor-widget-wrap elementor-element-populated\">\n\t\t\t\t\t\t\t\t<div class=\"elementor-element elementor-element-084b017 elementor-widget elementor-widget-heading\" data-id=\"084b017\" data-element_type=\"widget\" data-widget_type=\"heading.default\">\n\t\t\t\t<div class=\"elementor-widget-container\">\n\t\t\t<style>\/*! elementor - v3.14.0 - 26-06-2023 *\/\n.elementor-heading-title{padding:0;margin:0;line-height:1}.elementor-widget-heading .elementor-heading-title[class*=elementor-size-]>a{color:inherit;font-size:inherit;line-height:inherit}.elementor-widget-heading .elementor-heading-title.elementor-size-small{font-size:15px}.elementor-widget-heading .elementor-heading-title.elementor-size-medium{font-size:19px}.elementor-widget-heading .elementor-heading-title.elementor-size-large{font-size:29px}.elementor-widget-heading .elementor-heading-title.elementor-size-xl{font-size:39px}.elementor-widget-heading .elementor-heading-title.elementor-size-xxl{font-size:59px}<\/style><h1 class=\"elementor-heading-title elementor-size-default\">Objecte Social<\/h1>\t\t<\/div>\n\t\t\t\t<\/div>\n\t\t\t\t\t<\/div>\n\t\t<\/div>\n\t\t\t\t\t\t\t<\/div>\n\t\t<\/section>\n\t\t\t\t<section class=\"elementor-section elementor-top-section elementor-element elementor-element-ecfd6cf elementor-section-stretched elementor-section-boxed elementor-section-height-default elementor-section-height-default\" data-id=\"ecfd6cf\" data-element_type=\"section\" data-settings=\"{&quot;stretch_section&quot;:&quot;section-stretched&quot;}\">\n\t\t\t\t\t\t<div class=\"elementor-container elementor-column-gap-default\">\n\t\t\t\t\t<div class=\"elementor-column elementor-col-100 elementor-top-column elementor-element elementor-element-299693e\" data-id=\"299693e\" data-element_type=\"column\">\n\t\t\t<div class=\"elementor-widget-wrap elementor-element-populated\">\n\t\t\t\t\t\t\t\t<div class=\"elementor-element elementor-element-6d2115d elementor-widget elementor-widget-image\" data-id=\"6d2115d\" data-element_type=\"widget\" data-widget_type=\"image.default\">\n\t\t\t\t<div class=\"elementor-widget-container\">\n\t\t\t<style>\/*! elementor - v3.14.0 - 26-06-2023 *\/\n.elementor-widget-image{text-align:center}.elementor-widget-image a{display:inline-block}.elementor-widget-image a img[src$=\".svg\"]{width:48px}.elementor-widget-image img{vertical-align:middle;display:inline-block}<\/style>\t\t\t\t\t\t\t\t\t\t\t\t<img loading=\"lazy\" decoding=\"async\" width=\"89\" height=\"46\" src=\"https:\/\/retosa.torrent.es\/wp-content\/uploads\/2022\/05\/layer1.png\" class=\"attachment-large size-large wp-image-39\" alt=\"\" \/>\t\t\t\t\t\t\t\t\t\t\t\t\t\t\t<\/div>\n\t\t\t\t<\/div>\n\t\t\t\t<div class=\"elementor-element elementor-element-b28063b elementor-widget elementor-widget-heading\" data-id=\"b28063b\" data-element_type=\"widget\" data-widget_type=\"heading.default\">\n\t\t\t\t<div class=\"elementor-widget-container\">\n\t\t\t<h3 class=\"elementor-heading-title elementor-size-default\">Objecte Social i Missi\u00f3 de Recapacitar de Torrent Unipersonal Municipal S.A.<\/h3>\t\t<\/div>\n\t\t\t\t<\/div>\n\t\t\t\t<div class=\"elementor-element elementor-element-58283f8 elementor-widget elementor-widget-text-editor\" data-id=\"58283f8\" data-element_type=\"widget\" data-widget_type=\"text-editor.default\">\n\t\t\t\t<div class=\"elementor-widget-container\">\n\t\t\t<style>\/*! elementor - v3.14.0 - 26-06-2023 *\/\n.elementor-widget-text-editor.elementor-drop-cap-view-stacked .elementor-drop-cap{background-color:#69727d;color:#fff}.elementor-widget-text-editor.elementor-drop-cap-view-framed .elementor-drop-cap{color:#69727d;border:3px solid;background-color:transparent}.elementor-widget-text-editor:not(.elementor-drop-cap-view-default) .elementor-drop-cap{margin-top:8px}.elementor-widget-text-editor:not(.elementor-drop-cap-view-default) .elementor-drop-cap-letter{width:1em;height:1em}.elementor-widget-text-editor .elementor-drop-cap{float:left;text-align:center;line-height:1;font-size:50px}.elementor-widget-text-editor .elementor-drop-cap-letter{display:inline-block}<\/style>\t\t\t\t<p>Col\u00b7laborar en la recaptaci\u00f3, la gesti\u00f3 i la inspecci\u00f3 de tributs i altres ingressos de dret p\u00fablic que hagi de percebre l&#8217;Ajuntament de Torrent.<\/p>\t\t\t\t\t\t<\/div>\n\t\t\t\t<\/div>\n\t\t\t\t<div class=\"elementor-element elementor-element-4409543 elementor-widget elementor-widget-heading\" data-id=\"4409543\" data-element_type=\"widget\" data-widget_type=\"heading.default\">\n\t\t\t\t<div class=\"elementor-widget-container\">\n\t\t\t<h3 class=\"elementor-heading-title elementor-size-default\">Visi\u00f3<\/h3>\t\t<\/div>\n\t\t\t\t<\/div>\n\t\t\t\t<div class=\"elementor-element elementor-element-c9e66a5 elementor-widget elementor-widget-text-editor\" data-id=\"c9e66a5\" data-element_type=\"widget\" data-widget_type=\"text-editor.default\">\n\t\t\t\t<div class=\"elementor-widget-container\">\n\t\t\t\t\t\t\t<p>Prestar serveis de qualitat propers i eficients, adaptats a les necessitats dels seus ve\u00efns, en constant evoluci\u00f3 de la seva gesti\u00f3 i recursos.<\/p>\t\t\t\t\t\t<\/div>\n\t\t\t\t<\/div>\n\t\t\t\t<div class=\"elementor-element elementor-element-5939568 elementor-widget elementor-widget-heading\" data-id=\"5939568\" data-element_type=\"widget\" data-widget_type=\"heading.default\">\n\t\t\t\t<div class=\"elementor-widget-container\">\n\t\t\t<h3 class=\"elementor-heading-title elementor-size-default\">Funcions<\/h3>\t\t<\/div>\n\t\t\t\t<\/div>\n\t\t\t\t<div class=\"elementor-element elementor-element-04d4555 elementor-widget elementor-widget-text-editor\" data-id=\"04d4555\" data-element_type=\"widget\" data-widget_type=\"text-editor.default\">\n\t\t\t\t<div class=\"elementor-widget-container\">\n\t\t\t\t\t\t\t<ul><li>Recaptar en volunt\u00e0ria, tots els impostos i taxes de car\u00e0cter peri\u00f2dic que emet l&#8217;Ajuntament de Torrent, per a aix\u00f2 remet els avisos de pagament corresponents per fer l&#8217;ingr\u00e9s a les diferents entitats col\u00b7laboradores, aix\u00ed com els avisos de c\u00e0rrec corresponents per als rebuts domiciliats. <\/li><li>Gesti\u00f3 de domiciliacions dels objectes tributaris. <\/li><li>Gesti\u00f3, tramitaci\u00f3 i cobrament dels mercats de venda no sedent\u00e0ria i dels diferents mercats extraordinaris no peri\u00f2dics. <\/li><li>Notificaci\u00f3 en volunt\u00e0ria de les diferents liquidacions d&#8217;impostos, quotes urban\u00edstiques i taxes emeses per l&#8217;Ajuntament. <\/li><li>Expedici\u00f3 de c\u00f2pies i certificacions de documents per a contractaci\u00f3, beques, ajuts municipals, renovaci\u00f3 de parades de mercats, ajuts del PROP, tr\u00e0nsit, etc. <\/li><li>Informaci\u00f3 di\u00e0ria de deutes i refer\u00e8ncia cadastral a les notaries, dels immobles objecte de transmissi\u00f3. <\/li><li>Gesti\u00f3 del cobrament i execuci\u00f3 en procediments de constrenyiment (embargaments). <\/li><li>Inspeccionar la titularitat dels immobles que han de fer exercicis de l&#8217;impost de b\u00e9ns immobles <\/li><li>Inspeccionar al Registre Mercantil els administradors responsables de societats mercantils. <\/li><li>Tramitaci\u00f3 de sol\u00b7licitud d&#8217;informaci\u00f3 a l&#8217;Ag\u00e8ncia Tribut\u00e0ria dels domicilis fiscals, dels contribuents que figuren com a desconeguts. <\/li><li>Fraccionaments i ajornaments de pagament en volunt\u00e0ria i executiva. <\/li><li>Expedients de derivaci\u00f3 de deutes afectes a l&#8217;immoble per l&#8217;impost sobre b\u00e9ns immobles.<\/li><\/ul><div> <\/div>\t\t\t\t\t\t<\/div>\n\t\t\t\t<\/div>\n\t\t\t\t\t<\/div>\n\t\t<\/div>\n\t\t\t\t\t\t\t<\/div>\n\t\t<\/section>\n\t\t\t\t\t\t\t<\/div>\n\t\t","protected":false},"excerpt":{"rendered":"<p>Objecte Social Objecte Social i Missi\u00f3 de Recapacitar de Torrent Unipersonal Municipal S.A. Col\u00b7laborar en la recaptaci\u00f3, la gesti\u00f3 i la inspecci\u00f3 de tributs i altres ingressos de dret p\u00fablic que hagi de percebre l&#8217;Ajuntament de Torrent. Visi\u00f3 Prestar serveis de qualitat propers i eficients, adaptats a les necessitats dels seus ve\u00efns, en constant evoluci\u00f3 [&hellip;]<\/p>\n","protected":false},"author":1,"featured_media":0,"parent":0,"menu_order":0,"comment_status":"closed","ping_status":"closed","template":"","meta":{"footnotes":""},"class_list":["post-776","page","type-page","status-publish","hentry"],"_links":{"self":[{"href":"https:\/\/retosa.torrent.es\/va\/wp-json\/wp\/v2\/pages\/776","targetHints":{"allow":["GET"]}}],"collection":[{"href":"https:\/\/retosa.torrent.es\/va\/wp-json\/wp\/v2\/pages"}],"about":[{"href":"https:\/\/retosa.torrent.es\/va\/wp-json\/wp\/v2\/types\/page"}],"author":[{"embeddable":true,"href":"https:\/\/retosa.torrent.es\/va\/wp-json\/wp\/v2\/users\/1"}],"replies":[{"embeddable":true,"href":"https:\/\/retosa.torrent.es\/va\/wp-json\/wp\/v2\/comments?post=776"}],"version-history":[{"count":1,"href":"https:\/\/retosa.torrent.es\/va\/wp-json\/wp\/v2\/pages\/776\/revisions"}],"predecessor-version":[{"id":777,"href":"https:\/\/retosa.torrent.es\/va\/wp-json\/wp\/v2\/pages\/776\/revisions\/777"}],"wp:attachment":[{"href":"https:\/\/retosa.torrent.es\/va\/wp-json\/wp\/v2\/media?parent=776"}],"curies":[{"name":"wp","href":"https:\/\/api.w.org\/{rel}","templated":true}]}}