{"id":756,"date":"2022-05-26T08:31:51","date_gmt":"2022-05-26T08:31:51","guid":{"rendered":"https:\/\/retosa.torrent.es\/emplacament\/"},"modified":"2025-12-17T12:22:18","modified_gmt":"2025-12-17T12:22:18","slug":"emplacament","status":"publish","type":"page","link":"https:\/\/retosa.torrent.es\/va\/emplacament\/","title":{"rendered":"Empla\u00e7ament"},"content":{"rendered":"\t\t<div data-elementor-type=\"wp-page\" data-elementor-id=\"756\" class=\"elementor elementor-756 elementor-162\" data-elementor-post-type=\"page\">\n\t\t\t\t\t\t\t\t\t<section class=\"elementor-section elementor-top-section elementor-element elementor-element-5973382 elementor-section-stretched elementor-section-boxed elementor-section-height-default elementor-section-height-default\" data-id=\"5973382\" data-element_type=\"section\" data-settings=\"{&quot;stretch_section&quot;:&quot;section-stretched&quot;}\">\n\t\t\t\t\t\t<div class=\"elementor-container elementor-column-gap-default\">\n\t\t\t\t\t<div class=\"elementor-column elementor-col-100 elementor-top-column elementor-element elementor-element-1d9b4a7\" data-id=\"1d9b4a7\" data-element_type=\"column\">\n\t\t\t<div class=\"elementor-widget-wrap elementor-element-populated\">\n\t\t\t\t\t\t\t\t<div class=\"elementor-element elementor-element-ee5b195 elementor-widget elementor-widget-heading\" data-id=\"ee5b195\" data-element_type=\"widget\" data-widget_type=\"heading.default\">\n\t\t\t\t<div class=\"elementor-widget-container\">\n\t\t\t<style>\/*! elementor - v3.14.0 - 26-06-2023 *\/\n.elementor-heading-title{padding:0;margin:0;line-height:1}.elementor-widget-heading .elementor-heading-title[class*=elementor-size-]>a{color:inherit;font-size:inherit;line-height:inherit}.elementor-widget-heading .elementor-heading-title.elementor-size-small{font-size:15px}.elementor-widget-heading .elementor-heading-title.elementor-size-medium{font-size:19px}.elementor-widget-heading .elementor-heading-title.elementor-size-large{font-size:29px}.elementor-widget-heading .elementor-heading-title.elementor-size-xl{font-size:39px}.elementor-widget-heading .elementor-heading-title.elementor-size-xxl{font-size:59px}<\/style><h2 class=\"elementor-heading-title elementor-size-default\">Empla\u00e7ament<\/h2>\t\t<\/div>\n\t\t\t\t<\/div>\n\t\t\t\t<div class=\"elementor-element elementor-element-91d149a elementor-widget elementor-widget-text-editor\" data-id=\"91d149a\" data-element_type=\"widget\" data-widget_type=\"text-editor.default\">\n\t\t\t\t<div class=\"elementor-widget-container\">\n\t\t\t<style>\/*! elementor - v3.14.0 - 26-06-2023 *\/\n.elementor-widget-text-editor.elementor-drop-cap-view-stacked .elementor-drop-cap{background-color:#69727d;color:#fff}.elementor-widget-text-editor.elementor-drop-cap-view-framed .elementor-drop-cap{color:#69727d;border:3px solid;background-color:transparent}.elementor-widget-text-editor:not(.elementor-drop-cap-view-default) .elementor-drop-cap{margin-top:8px}.elementor-widget-text-editor:not(.elementor-drop-cap-view-default) .elementor-drop-cap-letter{width:1em;height:1em}.elementor-widget-text-editor .elementor-drop-cap{float:left;text-align:center;line-height:1;font-size:50px}.elementor-widget-text-editor .elementor-drop-cap-letter{display:inline-block}<\/style>\t\t\t\t<p>Les oficines de Recaptaci\u00f3 de Torrent Unipersonal Municipal S.A., es troben empla\u00e7ades en aquesta Poblaci\u00f3 de Torrent \u2013Cas hist\u00f2ric, al costat de la Torre Medieval de la Poblaci\u00f3-, amb adre\u00e7a postal a la Pla\u00e7a de Colom, 12-baix.<\/p>\t\t\t\t\t\t<\/div>\n\t\t\t\t<\/div>\n\t\t\t\t\t<\/div>\n\t\t<\/div>\n\t\t\t\t\t\t\t<\/div>\n\t\t<\/section>\n\t\t\t\t<section class=\"elementor-section elementor-top-section elementor-element elementor-element-65bf68d elementor-section-stretched elementor-section-boxed elementor-section-height-default elementor-section-height-default\" data-id=\"65bf68d\" data-element_type=\"section\" data-settings=\"{&quot;stretch_section&quot;:&quot;section-stretched&quot;}\">\n\t\t\t\t\t\t<div class=\"elementor-container elementor-column-gap-default\">\n\t\t\t\t\t<div class=\"elementor-column elementor-col-33 elementor-top-column elementor-element elementor-element-8abfe57\" data-id=\"8abfe57\" data-element_type=\"column\">\n\t\t\t<div class=\"elementor-widget-wrap elementor-element-populated\">\n\t\t\t\t\t\t\t\t<div class=\"elementor-element elementor-element-7bb3470 elementor-widget elementor-widget-image\" data-id=\"7bb3470\" data-element_type=\"widget\" data-widget_type=\"image.default\">\n\t\t\t\t<div class=\"elementor-widget-container\">\n\t\t\t<style>\/*! elementor - v3.14.0 - 26-06-2023 *\/\n.elementor-widget-image{text-align:center}.elementor-widget-image a{display:inline-block}.elementor-widget-image a img[src$=\".svg\"]{width:48px}.elementor-widget-image img{vertical-align:middle;display:inline-block}<\/style>\t\t\t\t\t\t\t\t\t\t\t\t<img loading=\"lazy\" decoding=\"async\" width=\"554\" height=\"746\" src=\"https:\/\/retosa.torrent.es\/wp-content\/uploads\/2022\/05\/Captura-de-Pantalla-2022-04-04-a-las-15.32.22@2x.png\" class=\"attachment-large size-large wp-image-173\" alt=\"\" srcset=\"https:\/\/retosa.torrent.es\/wp-content\/uploads\/2022\/05\/Captura-de-Pantalla-2022-04-04-a-las-15.32.22@2x.png 554w, https:\/\/retosa.torrent.es\/wp-content\/uploads\/2022\/05\/Captura-de-Pantalla-2022-04-04-a-las-15.32.22@2x-223x300.png 223w\" sizes=\"auto, (max-width: 554px) 100vw, 554px\" \/>\t\t\t\t\t\t\t\t\t\t\t\t\t\t\t<\/div>\n\t\t\t\t<\/div>\n\t\t\t\t\t<\/div>\n\t\t<\/div>\n\t\t\t\t<div class=\"elementor-column elementor-col-33 elementor-top-column elementor-element elementor-element-77a5e73\" data-id=\"77a5e73\" data-element_type=\"column\">\n\t\t\t<div class=\"elementor-widget-wrap elementor-element-populated\">\n\t\t\t\t\t\t\t\t<div class=\"elementor-element elementor-element-b8dc01a elementor-widget elementor-widget-image\" data-id=\"b8dc01a\" data-element_type=\"widget\" data-widget_type=\"image.default\">\n\t\t\t\t<div class=\"elementor-widget-container\">\n\t\t\t\t\t\t\t\t\t\t\t\t\t\t\t<img loading=\"lazy\" decoding=\"async\" width=\"548\" height=\"746\" src=\"https:\/\/retosa.torrent.es\/wp-content\/uploads\/2022\/05\/Captura-de-Pantalla-2022-04-04-a-las-15.32.30@2x.png\" class=\"attachment-large size-large wp-image-175\" alt=\"\" srcset=\"https:\/\/retosa.torrent.es\/wp-content\/uploads\/2022\/05\/Captura-de-Pantalla-2022-04-04-a-las-15.32.30@2x.png 548w, https:\/\/retosa.torrent.es\/wp-content\/uploads\/2022\/05\/Captura-de-Pantalla-2022-04-04-a-las-15.32.30@2x-220x300.png 220w\" sizes=\"auto, (max-width: 548px) 100vw, 548px\" \/>\t\t\t\t\t\t\t\t\t\t\t\t\t\t\t<\/div>\n\t\t\t\t<\/div>\n\t\t\t\t\t<\/div>\n\t\t<\/div>\n\t\t\t\t<div class=\"elementor-column elementor-col-33 elementor-top-column elementor-element elementor-element-e4a3363\" data-id=\"e4a3363\" data-element_type=\"column\">\n\t\t\t<div class=\"elementor-widget-wrap elementor-element-populated\">\n\t\t\t\t\t\t\t\t<div class=\"elementor-element elementor-element-9f1a9c2 elementor-widget elementor-widget-image\" data-id=\"9f1a9c2\" data-element_type=\"widget\" data-widget_type=\"image.default\">\n\t\t\t\t<div class=\"elementor-widget-container\">\n\t\t\t\t\t\t\t\t\t\t\t\t\t\t\t<img loading=\"lazy\" decoding=\"async\" width=\"548\" height=\"746\" src=\"https:\/\/retosa.torrent.es\/wp-content\/uploads\/2022\/05\/Captura-de-Pantalla-2022-04-04-a-las-15.32.45@2x.png\" class=\"attachment-large size-large wp-image-172\" alt=\"\" srcset=\"https:\/\/retosa.torrent.es\/wp-content\/uploads\/2022\/05\/Captura-de-Pantalla-2022-04-04-a-las-15.32.45@2x.png 548w, https:\/\/retosa.torrent.es\/wp-content\/uploads\/2022\/05\/Captura-de-Pantalla-2022-04-04-a-las-15.32.45@2x-220x300.png 220w\" sizes=\"auto, (max-width: 548px) 100vw, 548px\" \/>\t\t\t\t\t\t\t\t\t\t\t\t\t\t\t<\/div>\n\t\t\t\t<\/div>\n\t\t\t\t\t<\/div>\n\t\t<\/div>\n\t\t\t\t\t\t\t<\/div>\n\t\t<\/section>\n\t\t\t\t<section class=\"elementor-section elementor-top-section elementor-element elementor-element-0742f61 elementor-section-stretched elementor-section-boxed elementor-section-height-default elementor-section-height-default\" data-id=\"0742f61\" data-element_type=\"section\" data-settings=\"{&quot;stretch_section&quot;:&quot;section-stretched&quot;}\">\n\t\t\t\t\t\t<div class=\"elementor-container elementor-column-gap-default\">\n\t\t\t\t\t<div class=\"elementor-column elementor-col-100 elementor-top-column elementor-element elementor-element-4eda9e5\" data-id=\"4eda9e5\" data-element_type=\"column\">\n\t\t\t<div class=\"elementor-widget-wrap elementor-element-populated\">\n\t\t\t\t\t\t\t\t<div class=\"elementor-element elementor-element-7c38886 elementor-widget elementor-widget-heading\" data-id=\"7c38886\" data-element_type=\"widget\" data-widget_type=\"heading.default\">\n\t\t\t\t<div class=\"elementor-widget-container\">\n\t\t\t<h2 class=\"elementor-heading-title elementor-size-default\">Horaris<\/h2>\t\t<\/div>\n\t\t\t\t<\/div>\n\t\t\t\t<div class=\"elementor-element elementor-element-a2a310d elementor-widget elementor-widget-heading\" data-id=\"a2a310d\" data-element_type=\"widget\" data-widget_type=\"heading.default\">\n\t\t\t\t<div class=\"elementor-widget-container\">\n\t\t\t<h3 class=\"elementor-heading-title elementor-size-default\">Oficina Oberta Al P\u00fablic Amb Aforament Limitat I Cita Pr\u00e8via A La Web De l'Ajuntament De Torrent<\/h3>\t\t<\/div>\n\t\t\t\t<\/div>\n\t\t\t\t<div class=\"elementor-element elementor-element-ac10473 elementor-widget elementor-widget-text-editor\" data-id=\"ac10473\" data-element_type=\"widget\" data-widget_type=\"text-editor.default\">\n\t\t\t\t<div class=\"elementor-widget-container\">\n\t\t\t\t\t\t\t<p>Atenci\u00f3n Telef\u00f3nica: 96 111 1870<\/p><p>Correo Electr\u00f3nico: <a href=\"mailto:retosa@torrent.es\"><strong>retosa@torrent.es<\/strong><\/a><\/p>\t\t\t\t\t\t<\/div>\n\t\t\t\t<\/div>\n\t\t\t\t<div class=\"elementor-element elementor-element-7b95679 elementor-widget elementor-widget-heading\" data-id=\"7b95679\" data-element_type=\"widget\" data-widget_type=\"heading.default\">\n\t\t\t\t<div class=\"elementor-widget-container\">\n\t\t\t<h3 class=\"elementor-heading-title elementor-size-default\">Horari<\/h3>\t\t<\/div>\n\t\t\t\t<\/div>\n\t\t\t\t<div class=\"elementor-element elementor-element-e81611e elementor-widget elementor-widget-text-editor\" data-id=\"e81611e\" data-element_type=\"widget\" data-widget_type=\"text-editor.default\">\n\t\t\t\t<div class=\"elementor-widget-container\">\n\t\t\t\t\t\t\t<p>Dilluns a divendres: de 8:30 a 14:00 Hores.<\/p><p>Dimarts i dijous: de 17:00 a 19:00 hores<\/p>\t\t\t\t\t\t<\/div>\n\t\t\t\t<\/div>\n\t\t\t\t<div class=\"elementor-element elementor-element-1e950f6 elementor-hidden-desktop elementor-hidden-tablet elementor-hidden-mobile elementor-widget elementor-widget-heading\" data-id=\"1e950f6\" data-element_type=\"widget\" data-widget_type=\"heading.default\">\n\t\t\t\t<div class=\"elementor-widget-container\">\n\t\t\t<h3 class=\"elementor-heading-title elementor-size-default\">Horari d'estiu<\/h3>\t\t<\/div>\n\t\t\t\t<\/div>\n\t\t\t\t<div class=\"elementor-element elementor-element-9ff6426 elementor-hidden-desktop elementor-hidden-tablet elementor-hidden-mobile elementor-widget elementor-widget-text-editor\" data-id=\"9ff6426\" data-element_type=\"widget\" data-widget_type=\"text-editor.default\">\n\t\t\t\t<div class=\"elementor-widget-container\">\n\t\t\t\t\t\t\t<p>Durant els mesos de juliol i agost nom\u00e9s horari de matins.<\/p><p>De 8:30 a 14:00 Hores de dilluns a divendres.<\/p>\t\t\t\t\t\t<\/div>\n\t\t\t\t<\/div>\n\t\t\t\t<div class=\"elementor-element elementor-element-8076fe2 elementor-hidden-desktop elementor-hidden-tablet elementor-hidden-mobile elementor-widget elementor-widget-text-editor\" data-id=\"8076fe2\" data-element_type=\"widget\" data-widget_type=\"text-editor.default\">\n\t\t\t\t<div class=\"elementor-widget-container\">\n\t\t\t\t\t\t\t<p>A l&#8217;agost l&#8217;oficina tancada durant els dies de l&#8217;11 al 23 (ATENCI\u00d3 EN L&#8217;OFICINA TDIC C\/ Ram\u00f3n y Cajal, 1 baix)<\/p>\t\t\t\t\t\t<\/div>\n\t\t\t\t<\/div>\n\t\t\t\t<div class=\"elementor-element elementor-element-95c2e34 elementor-widget elementor-widget-heading\" data-id=\"95c2e34\" data-element_type=\"widget\" data-widget_type=\"heading.default\">\n\t\t\t\t<div class=\"elementor-widget-container\">\n\t\t\t<h3 class=\"elementor-heading-title elementor-size-default\">Horari especial de Nadal i Reis<\/h3>\t\t<\/div>\n\t\t\t\t<\/div>\n\t\t\t\t<div class=\"elementor-element elementor-element-53b2a5c elementor-widget elementor-widget-text-editor\" data-id=\"53b2a5c\" data-element_type=\"widget\" data-widget_type=\"text-editor.default\">\n\t\t\t\t<div class=\"elementor-widget-container\">\n\t\t\t\t\t\t\t<p>DIES 24 I 31 DE DESEMBRE TANCAT<\/p>\t\t\t\t\t\t<\/div>\n\t\t\t\t<\/div>\n\t\t\t\t<div class=\"elementor-element elementor-element-aff3bb8 elementor-widget elementor-widget-text-editor\" data-id=\"aff3bb8\" data-element_type=\"widget\" data-widget_type=\"text-editor.default\">\n\t\t\t\t<div class=\"elementor-widget-container\">\n\t\t\t\t\t\t\t<p>Del 26 DE DESEMBRE AL 5 DE GENER: DE DILLUNS A DIVENDRES \u00b7 Horari: 8,30 a 14,00 hores.<\/p>\t\t\t\t\t\t<\/div>\n\t\t\t\t<\/div>\n\t\t\t\t<div class=\"elementor-element elementor-element-dd52e30 elementor-widget elementor-widget-heading\" data-id=\"dd52e30\" data-element_type=\"widget\" data-widget_type=\"heading.default\">\n\t\t\t\t<div class=\"elementor-widget-container\">\n\t\t\t<h3 class=\"elementor-heading-title elementor-size-default\">Accessos<\/h3>\t\t<\/div>\n\t\t\t\t<\/div>\n\t\t\t\t<div class=\"elementor-element elementor-element-4394192 elementor-widget elementor-widget-text-editor\" data-id=\"4394192\" data-element_type=\"widget\" data-widget_type=\"text-editor.default\">\n\t\t\t\t<div class=\"elementor-widget-container\">\n\t\t\t\t\t\t\t<p>Les oficines es troben a aquesta pla\u00e7a, la qual \u00e9s de vianants, amb acc\u00e9s de vehicles per la Pla\u00e7a Major, procedents per la Pla\u00e7a Mestre Giner, direcci\u00f3 al carrer Baviera.<\/p><p>Igualment es pot accedir mitjan\u00e7ant la l\u00ednia TARONJA d&#8217;autob\u00fas urb\u00e0, aix\u00ed com a 2 minuts de l&#8217;estaci\u00f3 del Metro-Torrent, igual dist\u00e0ncia existeix des de les oficines a la Casa Consistorial a trav\u00e9s dels carrers de vianants de Sagra i San Cristobal.<\/p>\t\t\t\t\t\t<\/div>\n\t\t\t\t<\/div>\n\t\t\t\t<div class=\"elementor-element elementor-element-f3d1e32 elementor-position-left elementor-vertical-align-top elementor-widget elementor-widget-image-box\" data-id=\"f3d1e32\" data-element_type=\"widget\" data-widget_type=\"image-box.default\">\n\t\t\t\t<div class=\"elementor-widget-container\">\n\t\t\t<style>\/*! elementor - v3.14.0 - 26-06-2023 *\/\n.elementor-widget-image-box .elementor-image-box-content{width:100%}@media (min-width:768px){.elementor-widget-image-box.elementor-position-left .elementor-image-box-wrapper,.elementor-widget-image-box.elementor-position-right .elementor-image-box-wrapper{display:flex}.elementor-widget-image-box.elementor-position-right .elementor-image-box-wrapper{text-align:right;flex-direction:row-reverse}.elementor-widget-image-box.elementor-position-left .elementor-image-box-wrapper{text-align:left;flex-direction:row}.elementor-widget-image-box.elementor-position-top .elementor-image-box-img{margin:auto}.elementor-widget-image-box.elementor-vertical-align-top .elementor-image-box-wrapper{align-items:flex-start}.elementor-widget-image-box.elementor-vertical-align-middle .elementor-image-box-wrapper{align-items:center}.elementor-widget-image-box.elementor-vertical-align-bottom .elementor-image-box-wrapper{align-items:flex-end}}@media (max-width:767px){.elementor-widget-image-box .elementor-image-box-img{margin-left:auto!important;margin-right:auto!important;margin-bottom:15px}}.elementor-widget-image-box .elementor-image-box-img{display:inline-block}.elementor-widget-image-box .elementor-image-box-title a{color:inherit}.elementor-widget-image-box .elementor-image-box-wrapper{text-align:center}.elementor-widget-image-box .elementor-image-box-description{margin:0}<\/style><div class=\"elementor-image-box-wrapper\"><figure class=\"elementor-image-box-img\"><img loading=\"lazy\" decoding=\"async\" width=\"78\" height=\"78\" src=\"https:\/\/retosa.torrent.es\/wp-content\/uploads\/2022\/05\/Grupo-562.png\" class=\"attachment-full size-full wp-image-164\" alt=\"\" \/><\/figure><div class=\"elementor-image-box-content\"><h3 class=\"elementor-image-box-title\">Coordenades Per a Navegadors<\/h3><p class=\"elementor-image-box-description\">GPS: Latitud: 39\u00ba 26\u2019 13.43\u201d N \/ Longitud: 0\u00ba 27\u2019 46.37\u201d O\n<br>\nUTM: X: 718453 \/ Y: 4368529<\/p><\/div><\/div>\t\t<\/div>\n\t\t\t\t<\/div>\n\t\t\t\t<div class=\"elementor-element elementor-element-e5970bb elementor-position-left elementor-vertical-align-middle elementor-widget elementor-widget-image-box\" data-id=\"e5970bb\" data-element_type=\"widget\" data-widget_type=\"image-box.default\">\n\t\t\t\t<div class=\"elementor-widget-container\">\n\t\t\t<div class=\"elementor-image-box-wrapper\"><figure class=\"elementor-image-box-img\"><a href=\"http:\/\/www.torrent.es\/torrentPublic\/docroot\/repositorio\/Ajuntament\/Empreses%20municipals\/Retosa\/Retosa%20en%20Google%20Earth.kmz\" target=\"_blank\" rel=\"noopener\"><img loading=\"lazy\" decoding=\"async\" width=\"78\" height=\"78\" src=\"https:\/\/retosa.torrent.es\/wp-content\/uploads\/2022\/05\/Grupo-563.png\" class=\"attachment-full size-full wp-image-165\" alt=\"\" \/><\/a><\/figure><div class=\"elementor-image-box-content\"><h3 class=\"elementor-image-box-title\"><a href=\"http:\/\/www.torrent.es\/torrentPublic\/docroot\/repositorio\/Ajuntament\/Empreses%20municipals\/Retosa\/Retosa%20en%20Google%20Earth.kmz\" target=\"_blank\" rel=\"noopener\">Google Earth<\/a><\/h3><\/div><\/div>\t\t<\/div>\n\t\t\t\t<\/div>\n\t\t\t\t<div class=\"elementor-element elementor-element-a936910 elementor-widget elementor-widget-heading\" data-id=\"a936910\" data-element_type=\"widget\" data-widget_type=\"heading.default\">\n\t\t\t\t<div class=\"elementor-widget-container\">\n\t\t\t<h3 class=\"elementor-heading-title elementor-size-default\">Contacte<\/h3>\t\t<\/div>\n\t\t\t\t<\/div>\n\t\t\t\t<div class=\"elementor-element elementor-element-cabf462 elementor-widget elementor-widget-text-editor\" data-id=\"cabf462\" data-element_type=\"widget\" data-widget_type=\"text-editor.default\">\n\t\t\t\t<div class=\"elementor-widget-container\">\n\t\t\t\t\t\t\t<p><strong>Tel\u00e9fon:<\/strong> 96 111 18 70<\/p><p><strong>Fax:<\/strong> 96 158 95 57<\/p><p><strong>Correo electr\u00f3nico:<\/strong> <a style=\"color: #0062ff;\" href=\"mailto:retosa@torrent.es\">retosa@torrent.es<\/a><\/p>\t\t\t\t\t\t<\/div>\n\t\t\t\t<\/div>\n\t\t\t\t\t<\/div>\n\t\t<\/div>\n\t\t\t\t\t\t\t<\/div>\n\t\t<\/section>\n\t\t\t\t\t\t\t<\/div>\n\t\t","protected":false},"excerpt":{"rendered":"<p>Empla\u00e7ament Les oficines de Recaptaci\u00f3 de Torrent Unipersonal Municipal S.A., es troben empla\u00e7ades en aquesta Poblaci\u00f3 de Torrent \u2013Cas hist\u00f2ric, al costat de la Torre Medieval de la Poblaci\u00f3-, amb adre\u00e7a postal a la Pla\u00e7a de Colom, 12-baix. Horaris Oficina Oberta Al P\u00fablic Amb Aforament Limitat I Cita Pr\u00e8via A La Web De l&#8217;Ajuntament De [&hellip;]<\/p>\n","protected":false},"author":1,"featured_media":0,"parent":0,"menu_order":0,"comment_status":"closed","ping_status":"closed","template":"","meta":{"footnotes":""},"class_list":["post-756","page","type-page","status-publish","hentry"],"_links":{"self":[{"href":"https:\/\/retosa.torrent.es\/va\/wp-json\/wp\/v2\/pages\/756","targetHints":{"allow":["GET"]}}],"collection":[{"href":"https:\/\/retosa.torrent.es\/va\/wp-json\/wp\/v2\/pages"}],"about":[{"href":"https:\/\/retosa.torrent.es\/va\/wp-json\/wp\/v2\/types\/page"}],"author":[{"embeddable":true,"href":"https:\/\/retosa.torrent.es\/va\/wp-json\/wp\/v2\/users\/1"}],"replies":[{"embeddable":true,"href":"https:\/\/retosa.torrent.es\/va\/wp-json\/wp\/v2\/comments?post=756"}],"version-history":[{"count":22,"href":"https:\/\/retosa.torrent.es\/va\/wp-json\/wp\/v2\/pages\/756\/revisions"}],"predecessor-version":[{"id":1977,"href":"https:\/\/retosa.torrent.es\/va\/wp-json\/wp\/v2\/pages\/756\/revisions\/1977"}],"wp:attachment":[{"href":"https:\/\/retosa.torrent.es\/va\/wp-json\/wp\/v2\/media?parent=756"}],"curies":[{"name":"wp","href":"https:\/\/api.w.org\/{rel}","templated":true}]}}