{"id":742,"date":"2022-05-26T09:16:21","date_gmt":"2022-05-26T09:16:21","guid":{"rendered":"https:\/\/retosa.torrent.es\/assumptes-dinteres\/"},"modified":"2026-04-02T10:11:00","modified_gmt":"2026-04-02T10:11:00","slug":"assumptes-dinteres","status":"publish","type":"page","link":"https:\/\/retosa.torrent.es\/va\/assumptes-dinteres\/","title":{"rendered":"Assumptes d&#8217;inter\u00e8s"},"content":{"rendered":"\t\t<div data-elementor-type=\"wp-page\" data-elementor-id=\"742\" class=\"elementor elementor-742 elementor-211\" data-elementor-post-type=\"page\">\n\t\t\t\t\t\t\t\t\t<section class=\"elementor-section elementor-top-section elementor-element elementor-element-1839566 elementor-section-boxed elementor-section-height-default elementor-section-height-default\" data-id=\"1839566\" data-element_type=\"section\">\n\t\t\t\t\t\t<div class=\"elementor-container elementor-column-gap-default\">\n\t\t\t\t\t<div class=\"elementor-column elementor-col-100 elementor-top-column elementor-element elementor-element-466ee72\" data-id=\"466ee72\" data-element_type=\"column\">\n\t\t\t<div class=\"elementor-widget-wrap elementor-element-populated\">\n\t\t\t\t\t\t\t\t<div class=\"elementor-element elementor-element-35ba9fd elementor-widget elementor-widget-heading\" data-id=\"35ba9fd\" data-element_type=\"widget\" data-widget_type=\"heading.default\">\n\t\t\t\t<div class=\"elementor-widget-container\">\n\t\t\t<style>\/*! elementor - v3.14.0 - 26-06-2023 *\/\n.elementor-heading-title{padding:0;margin:0;line-height:1}.elementor-widget-heading .elementor-heading-title[class*=elementor-size-]>a{color:inherit;font-size:inherit;line-height:inherit}.elementor-widget-heading .elementor-heading-title.elementor-size-small{font-size:15px}.elementor-widget-heading .elementor-heading-title.elementor-size-medium{font-size:19px}.elementor-widget-heading .elementor-heading-title.elementor-size-large{font-size:29px}.elementor-widget-heading .elementor-heading-title.elementor-size-xl{font-size:39px}.elementor-widget-heading .elementor-heading-title.elementor-size-xxl{font-size:59px}<\/style><h1 class=\"elementor-heading-title elementor-size-default\">Assumptes d'inter\u00e8s <\/h1>\t\t<\/div>\n\t\t\t\t<\/div>\n\t\t\t\t\t<\/div>\n\t\t<\/div>\n\t\t\t\t\t\t\t<\/div>\n\t\t<\/section>\n\t\t\t\t<section class=\"elementor-section elementor-top-section elementor-element elementor-element-291667b elementor-section-boxed elementor-section-height-default elementor-section-height-default\" data-id=\"291667b\" data-element_type=\"section\">\n\t\t\t\t\t\t<div class=\"elementor-container elementor-column-gap-default\">\n\t\t\t\t\t<div class=\"elementor-column elementor-col-100 elementor-top-column elementor-element elementor-element-2dbf855\" data-id=\"2dbf855\" data-element_type=\"column\">\n\t\t\t<div class=\"elementor-widget-wrap elementor-element-populated\">\n\t\t\t\t\t\t\t\t<div class=\"elementor-element elementor-element-bc1b3c9 elementor-widget elementor-widget-text-editor\" data-id=\"bc1b3c9\" data-element_type=\"widget\" data-widget_type=\"text-editor.default\">\n\t\t\t\t<div class=\"elementor-widget-container\">\n\t\t\t<style>\/*! elementor - v3.14.0 - 26-06-2023 *\/\n.elementor-widget-text-editor.elementor-drop-cap-view-stacked .elementor-drop-cap{background-color:#69727d;color:#fff}.elementor-widget-text-editor.elementor-drop-cap-view-framed .elementor-drop-cap{color:#69727d;border:3px solid;background-color:transparent}.elementor-widget-text-editor:not(.elementor-drop-cap-view-default) .elementor-drop-cap{margin-top:8px}.elementor-widget-text-editor:not(.elementor-drop-cap-view-default) .elementor-drop-cap-letter{width:1em;height:1em}.elementor-widget-text-editor .elementor-drop-cap{float:left;text-align:center;line-height:1;font-size:50px}.elementor-widget-text-editor .elementor-drop-cap-letter{display:inline-block}<\/style>\t\t\t\t<h4>PER\u00cdODE DE PAGAMENT VOLUNTARI: DEL 25 DE MAIG AL 27 DE JULIOL DE 2026<\/h4><ul><li>Impost sobre B\u00e9ns immobles de Naturalesa Urbana.<\/li><li>R\u00fastica i de Caracter\u00edstiques Especials.<\/li><li>2n Quadrimestre Taxa de Mercats Fixos Annexos al Mercat Central i Sant Gregori.<\/li><\/ul><p>\u00a0<\/p><p>Pot domiciliar-los fins al <strong>17 de juny de 2026<\/strong><\/p><p><strong>C\u00e0rrec dels domiciliats en compte<\/strong>: primera setmana de juliol de 2026.<\/p><p>I si l&#8217;IBI \u00e9s superior a 120 euros, i es troba domiciliat es fracciona en dos terminis del 50%, que es carregaren en la primera setmana de juliol i en la primera setmana d&#8217;Octubre.<\/p>\t\t\t\t\t\t<\/div>\n\t\t\t\t<\/div>\n\t\t\t\t<div class=\"elementor-element elementor-element-d458ded elementor-widget-divider--view-line elementor-widget elementor-widget-divider\" data-id=\"d458ded\" data-element_type=\"widget\" data-widget_type=\"divider.default\">\n\t\t\t\t<div class=\"elementor-widget-container\">\n\t\t\t<style>\/*! elementor - v3.14.0 - 26-06-2023 *\/\n.elementor-widget-divider{--divider-border-style:none;--divider-border-width:1px;--divider-color:#0c0d0e;--divider-icon-size:20px;--divider-element-spacing:10px;--divider-pattern-height:24px;--divider-pattern-size:20px;--divider-pattern-url:none;--divider-pattern-repeat:repeat-x}.elementor-widget-divider .elementor-divider{display:flex}.elementor-widget-divider .elementor-divider__text{font-size:15px;line-height:1;max-width:95%}.elementor-widget-divider .elementor-divider__element{margin:0 var(--divider-element-spacing);flex-shrink:0}.elementor-widget-divider .elementor-icon{font-size:var(--divider-icon-size)}.elementor-widget-divider .elementor-divider-separator{display:flex;margin:0;direction:ltr}.elementor-widget-divider--view-line_icon .elementor-divider-separator,.elementor-widget-divider--view-line_text .elementor-divider-separator{align-items:center}.elementor-widget-divider--view-line_icon .elementor-divider-separator:after,.elementor-widget-divider--view-line_icon .elementor-divider-separator:before,.elementor-widget-divider--view-line_text .elementor-divider-separator:after,.elementor-widget-divider--view-line_text .elementor-divider-separator:before{display:block;content:\"\";border-bottom:0;flex-grow:1;border-top:var(--divider-border-width) var(--divider-border-style) var(--divider-color)}.elementor-widget-divider--element-align-left .elementor-divider .elementor-divider-separator>.elementor-divider__svg:first-of-type{flex-grow:0;flex-shrink:100}.elementor-widget-divider--element-align-left .elementor-divider-separator:before{content:none}.elementor-widget-divider--element-align-left .elementor-divider__element{margin-left:0}.elementor-widget-divider--element-align-right .elementor-divider .elementor-divider-separator>.elementor-divider__svg:last-of-type{flex-grow:0;flex-shrink:100}.elementor-widget-divider--element-align-right .elementor-divider-separator:after{content:none}.elementor-widget-divider--element-align-right .elementor-divider__element{margin-right:0}.elementor-widget-divider:not(.elementor-widget-divider--view-line_text):not(.elementor-widget-divider--view-line_icon) .elementor-divider-separator{border-top:var(--divider-border-width) var(--divider-border-style) var(--divider-color)}.elementor-widget-divider--separator-type-pattern{--divider-border-style:none}.elementor-widget-divider--separator-type-pattern.elementor-widget-divider--view-line .elementor-divider-separator,.elementor-widget-divider--separator-type-pattern:not(.elementor-widget-divider--view-line) .elementor-divider-separator:after,.elementor-widget-divider--separator-type-pattern:not(.elementor-widget-divider--view-line) .elementor-divider-separator:before,.elementor-widget-divider--separator-type-pattern:not([class*=elementor-widget-divider--view]) .elementor-divider-separator{width:100%;min-height:var(--divider-pattern-height);-webkit-mask-size:var(--divider-pattern-size) 100%;mask-size:var(--divider-pattern-size) 100%;-webkit-mask-repeat:var(--divider-pattern-repeat);mask-repeat:var(--divider-pattern-repeat);background-color:var(--divider-color);-webkit-mask-image:var(--divider-pattern-url);mask-image:var(--divider-pattern-url)}.elementor-widget-divider--no-spacing{--divider-pattern-size:auto}.elementor-widget-divider--bg-round{--divider-pattern-repeat:round}.rtl .elementor-widget-divider .elementor-divider__text{direction:rtl}.e-con-inner>.elementor-widget-divider,.e-con>.elementor-widget-divider{width:var(--container-widget-width,100%);--flex-grow:var(--container-widget-flex-grow)}<\/style>\t\t<div class=\"elementor-divider\">\n\t\t\t<span class=\"elementor-divider-separator\">\n\t\t\t\t\t\t<\/span>\n\t\t<\/div>\n\t\t\t\t<\/div>\n\t\t\t\t<\/div>\n\t\t\t\t\t<\/div>\n\t\t<\/div>\n\t\t\t\t\t\t\t<\/div>\n\t\t<\/section>\n\t\t\t\t<section class=\"elementor-section elementor-top-section elementor-element elementor-element-c848937 elementor-section-boxed elementor-section-height-default elementor-section-height-default\" data-id=\"c848937\" data-element_type=\"section\">\n\t\t\t\t\t\t<div class=\"elementor-container elementor-column-gap-default\">\n\t\t\t\t\t<div class=\"elementor-column elementor-col-100 elementor-top-column elementor-element elementor-element-bffe56a\" data-id=\"bffe56a\" data-element_type=\"column\">\n\t\t\t<div class=\"elementor-widget-wrap elementor-element-populated\">\n\t\t\t\t\t\t\t\t<div class=\"elementor-element elementor-element-1c637ff elementor-widget elementor-widget-heading\" data-id=\"1c637ff\" data-element_type=\"widget\" data-widget_type=\"heading.default\">\n\t\t\t\t<div class=\"elementor-widget-container\">\n\t\t\t<h3 class=\"elementor-heading-title elementor-size-default\"><a href=\"http:\/\/citaprevia.torrent.es:8090\/cp\/#!\/home\" target=\"_blank\" rel=\"noopener\">Oficina oberta al p\u00fablic i Cita Pr\u00e8via en la web de l'Ajuntament de Torrent<\/a><\/h3>\t\t<\/div>\n\t\t\t\t<\/div>\n\t\t\t\t<div class=\"elementor-element elementor-element-c6c8589 elementor-widget elementor-widget-text-editor\" data-id=\"c6c8589\" data-element_type=\"widget\" data-widget_type=\"text-editor.default\">\n\t\t\t\t<div class=\"elementor-widget-container\">\n\t\t\t\t\t\t\t<p style=\"line-height: 15.6pt;\"><strong><span style=\"font-family: 'Arial',sans-serif; color: #0f0f0f;\">Atenci\u00f3 Telef\u00f2nica:<\/span><\/strong><span style=\"font-size: 13.5pt; font-family: 'Arial',sans-serif; color: #0f0f0f;\">\u00a096 111 1870<\/span><\/p><p style=\"line-height: 15.6pt; box-sizing: border-box; margin-block: 0px 0.9rem;\"><strong><span style=\"font-family: 'Arial',sans-serif; color: #0f0f0f;\">Correu Electr\u00f2nic:<\/span><\/strong><span style=\"font-size: 13.5pt; font-family: 'Arial',sans-serif; color: #0f0f0f;\">\u00a0<a href=\"mailto:retosa@torrent.es\"><span style=\"color: #0062ff;\">retosa@torrent.es<\/span><\/a><\/span><\/p><p style=\"line-height: 15.6pt; box-sizing: border-box; margin-block: 0px 0.9rem;\"><strong><span style=\"font-family: 'Arial',sans-serif; color: #0f0f0f;\">Horari:<\/span><\/strong><\/p><p style=\"line-height: 15.6pt; box-sizing: border-box; margin-block: 0px 0.9rem;\"><span style=\"font-size: 13.5pt; font-family: 'Arial',sans-serif; color: #0f0f0f;\">Dilluns a divendres: de 8.30 a 14.00 h.<\/span><\/p><p style=\"line-height: 15.6pt; box-sizing: border-box; margin-block: 0px 0.9rem;\"><span style=\"font-size: 13.5pt; font-family: 'Arial',sans-serif; color: #0f0f0f;\">Dimarts i dijous: de 17.00 a 19.00 h.<\/span><\/p><p>\u00a0<\/p><p><strong>Al juliol nom\u00e9s horari de matins.<\/strong><\/p>\t\t\t\t\t\t<\/div>\n\t\t\t\t<\/div>\n\t\t\t\t<div class=\"elementor-element elementor-element-fa518a2 elementor-widget elementor-widget-heading\" data-id=\"fa518a2\" data-element_type=\"widget\" data-widget_type=\"heading.default\">\n\t\t\t\t<div class=\"elementor-widget-container\">\n\t\t\t<h3 class=\"elementor-heading-title elementor-size-default\">Formes de Sol\u00b7licitud Nou Av\u00eds de Pagament:<\/h3>\t\t<\/div>\n\t\t\t\t<\/div>\n\t\t\t\t<div class=\"elementor-element elementor-element-de80ff1 elementor-widget elementor-widget-text-editor\" data-id=\"de80ff1\" data-element_type=\"widget\" data-widget_type=\"text-editor.default\">\n\t\t\t\t<div class=\"elementor-widget-container\">\n\t\t\t\t\t\t\t<ol><li>Per tel\u00e8fon o per mitj\u00e0 del correu electr\u00f2nic per a la seva tramesa per correu electr\u00f2nic.<br \/><br \/><\/li><li>Mitjan\u00e7ant connexi\u00f3 a la seg\u00fcent adre\u00e7a electr\u00f2nica de l&#8217;ajuntament, podr\u00e0 descarregar-se els nous avisos de pagament:<br \/><br \/><br \/><span style=\"text-decoration: underline;\"><span style=\"color: #0062ff;\"><a style=\"color: #0062ff; text-decoration: underline;\" href=\"https:\/\/torrent.tributoslocales.es\/ovt\/ATRN\/462445\/ATORRENT\/homenoauth\/pag3\" target=\"_blank\" rel=\"noopener\">https:\/\/torrent.tributoslocales.es\/ovt\/ATRN\/462445\/ATORRENT\/homenoauth\/pag3<\/a><\/span><\/span><\/li><\/ol>\t\t\t\t\t\t<\/div>\n\t\t\t\t<\/div>\n\t\t\t\t<div class=\"elementor-element elementor-element-cda51d7 elementor-widget elementor-widget-heading\" data-id=\"cda51d7\" data-element_type=\"widget\" data-widget_type=\"heading.default\">\n\t\t\t\t<div class=\"elementor-widget-container\">\n\t\t\t<h3 class=\"elementor-heading-title elementor-size-default\">Formes de pagament:<\/h3>\t\t<\/div>\n\t\t\t\t<\/div>\n\t\t\t\t<div class=\"elementor-element elementor-element-2a0491c elementor-widget elementor-widget-text-editor\" data-id=\"2a0491c\" data-element_type=\"widget\" data-widget_type=\"text-editor.default\">\n\t\t\t\t<div class=\"elementor-widget-container\">\n\t\t\t\t\t\t\t<ol><li>A entitats banc\u00e0ries, caixers i p\u00e0gina web de l&#8217;ajuntament mitjan\u00e7ant targeta banc\u00e0ria.<p><a href=\"https:\/\/retosa.torrent.es\/entidades-bancarias-colaboradoras\/\"><span style=\"text-decoration: underline;\"><span style=\"color: #0062ff; text-decoration: underline;\">https:\/\/retosa.torrent.es\/entidades-bancarias-colaboradoras\/<\/span><\/span><\/a><\/p><\/li><\/ol>\t\t\t\t\t\t<\/div>\n\t\t\t\t<\/div>\n\t\t\t\t\t<\/div>\n\t\t<\/div>\n\t\t\t\t\t\t\t<\/div>\n\t\t<\/section>\n\t\t\t\t\t\t\t<\/div>\n\t\t","protected":false},"excerpt":{"rendered":"<p>Assumptes d&#8217;inter\u00e8s PER\u00cdODE DE PAGAMENT VOLUNTARI: DEL 25 DE MAIG AL 27 DE JULIOL DE 2026 Impost sobre B\u00e9ns immobles de Naturalesa Urbana. R\u00fastica i de Caracter\u00edstiques Especials. 2n Quadrimestre Taxa de Mercats Fixos Annexos al Mercat Central i Sant Gregori. \u00a0 Pot domiciliar-los fins al 17 de juny de 2026 C\u00e0rrec dels domiciliats en [&hellip;]<\/p>\n","protected":false},"author":1,"featured_media":0,"parent":0,"menu_order":0,"comment_status":"closed","ping_status":"closed","template":"","meta":{"footnotes":""},"class_list":["post-742","page","type-page","status-publish","hentry"],"_links":{"self":[{"href":"https:\/\/retosa.torrent.es\/va\/wp-json\/wp\/v2\/pages\/742","targetHints":{"allow":["GET"]}}],"collection":[{"href":"https:\/\/retosa.torrent.es\/va\/wp-json\/wp\/v2\/pages"}],"about":[{"href":"https:\/\/retosa.torrent.es\/va\/wp-json\/wp\/v2\/types\/page"}],"author":[{"embeddable":true,"href":"https:\/\/retosa.torrent.es\/va\/wp-json\/wp\/v2\/users\/1"}],"replies":[{"embeddable":true,"href":"https:\/\/retosa.torrent.es\/va\/wp-json\/wp\/v2\/comments?post=742"}],"version-history":[{"count":57,"href":"https:\/\/retosa.torrent.es\/va\/wp-json\/wp\/v2\/pages\/742\/revisions"}],"predecessor-version":[{"id":2119,"href":"https:\/\/retosa.torrent.es\/va\/wp-json\/wp\/v2\/pages\/742\/revisions\/2119"}],"wp:attachment":[{"href":"https:\/\/retosa.torrent.es\/va\/wp-json\/wp\/v2\/media?parent=742"}],"curies":[{"name":"wp","href":"https:\/\/api.w.org\/{rel}","templated":true}]}}